{"id":125,"date":"2017-06-01T16:52:31","date_gmt":"2017-06-01T15:52:31","guid":{"rendered":"http:\/\/villette-mtc.com\/?page_id=125"},"modified":"2023-11-23T14:26:47","modified_gmt":"2023-11-23T13:26:47","slug":"mentions-legales","status":"publish","type":"page","link":"https:\/\/villette-mtc.com\/index.php\/mentions-legales\/","title":{"rendered":"Mentions l\u00e9gales"},"content":{"rendered":"<h6><span style=\"text-decoration: underline;\"><strong>D\u00e9signation du site :<\/strong><\/span><\/h6>\n<ul>\n<li>Nom du site : <a href=\"http:\/\/villette-mtc.com\" target=\"_blank\" rel=\"noopener noreferrer\">https:\/\/villette-mtc.com<\/a><\/li>\n<li>Directeur de la publication\u00a0: Ana\u00efs Villette<\/li>\n<li>Num\u00e9ro de siret : 753 473 339 000 61<\/li>\n<li>\n<p style=\"text-align: left;\">Adresse (lieu d\u2019exercice)\u00a0:<\/p>\n<\/li>\n<li><a href=\"https:\/\/maps.google.com\/maps?z=16&amp;q=1+bis+rue+du+capitaine+jasmin+59133+phalempin\" target=\"_blank\" rel=\"noopener noreferrer\">1 bis rue du Capitaine Jasmin<br \/>\n59133 Phalempin<\/a><\/li>\n<\/ul>\n<h6><\/h6>\n<ul>\n<li>R\u00e9alisation du site Internet : Ana\u00efs Villette et Marie Guibouin <a href=\"http:\/\/marieguibouin.com\" target=\"_blank\" rel=\"noopener noreferrer\">http:\/\/marieguibouin.com<\/a><\/li>\n<li>H\u00e9bergement\u00a0: <a href=\"http:\/\/ovh.com\" target=\"_blank\" rel=\"noopener noreferrer\">OVH<\/a><\/li>\n<\/ul>\n<h5><\/h5>\n<h6><span style=\"text-decoration: underline;\"><strong>Contenus :<\/strong><\/span><\/h6>\n<h5><\/h5>\n<p>Les informations, conseils et services contenus dans ce site sont \u00e0 caract\u00e8re g\u00e9n\u00e9ral .<br \/>\nTout conseil \u00e0 titre m\u00e9dical devrait imp\u00e9rativement \u00eatre demand\u00e9 aupr\u00e8s d\u2019un m\u00e9decin. Les informations fournies sur ce site sont destin\u00e9es \u00e0 compl\u00e9ter, et non \u00e0 remplacer, les informations fournies par votre m\u00e9decin.<\/p>\n<p><span style=\"text-decoration: underline;\"><strong>Liens vers d\u2019autres sites :<\/strong><\/span><\/p>\n<p>Ceux-ci constituent un service mis \u00e0 la disposition des visiteurs du site. Aucune garantie ne peut \u00eatre apport\u00e9e par le directeur de la publication sur le contenu ou l\u2019exactitude des informations figurant sur ces sites. Il d\u00e9cline toute responsabilit\u00e9 de quelque nature que ce soit pour les informations qu\u2019ils contiennent. Nous vous invitons \u00e0 en contr\u00f4ler les mentions l\u00e9gales.<\/p>\n<p><span style=\"text-decoration: underline;\"><strong>Donn\u00e9es personnelles :<\/strong><\/span><\/p>\n<p>La loi n\u00b0 78-17 du 6 Janvier 1978 dite \u00ab\u00a0informatique et libert\u00e9s\u00a0\u00bb modifi\u00e9e par la Loi n\u00b0 2004-801 du 6 Ao\u00fbt 2004 pr\u00e9voit :<\/p>\n<ul>\n<li>Lorsque des donn\u00e9es pr\u00e9sentes sur ce site Internet ont un caract\u00e8re nominatif, les utilisateurs doivent en faire un usage conforme aux r\u00e9glementations en vigueur et notamment aux recommandations de la Commission nationale de l\u2019informatique et des libert\u00e9s (CNIL). En particulier ces informations ne doivent \u00eatre utilis\u00e9es qu\u2019\u00e0 des fins personnelles. Toute diffusion ou utilisation \u00e0 des fins commerciales ou publicitaires sont interdites.<\/li>\n<li>Conform\u00e9ment \u00e0 l\u2019article 34 de la loi informatique et libert\u00e9s vous disposez d\u2019un droit d\u2019acc\u00e8s aux informations vous concernant. Vous pouvez ainsi les modifier ou les supprimer.<\/li>\n<li>Pour exercer ce droit d\u2019acc\u00e8s, il convient d\u2019\u00e9crire \u00e0 l\u2019adresse suivante :<\/li>\n<\/ul>\n<p>Ana\u00efs Villette &#8211; 1 bis rue du Capitaine Jasmin &#8211; 59133 <a href=\"https:\/\/villette-mtc.com\/\">Phalempin<\/a><br \/>\ncontact@villette-mtc.com<\/p>\n<h6><span style=\"text-decoration: underline;\"><strong>Propri\u00e9t\u00e9 intellectuelle\u00a0:<\/strong><\/span><\/h6>\n<p>Ce site Internet rel\u00e8ve de la l\u00e9gislation fran\u00e7aise et internationale sur la propri\u00e9t\u00e9 intellectuelle. Tous les droits de reproduction sont r\u00e9serv\u00e9s. Conform\u00e9ment aux dispositions du Code de la Propri\u00e9t\u00e9 Intellectuelle toute reproduction partielle ou totale (textes, \u00e9l\u00e9ments graphiques, photos) \u00e0 usage collectif est strictement interdite, sans autorisation expresse du directeur de la publication.<\/p>\n<h6><span style=\"text-decoration: underline;\"><strong>Politique publicitaire :<\/strong><\/span><\/h6>\n<p>Ce site n\u2019accepte pas et ne re\u00e7oit pas de fonds publicitaires. Il n\u2019affiche aucune publicit\u00e9.<\/p>\n","protected":false},"excerpt":{"rendered":"<p>D\u00e9signation du site : Nom du site : https:\/\/villette-mtc.com Directeur de la publication\u00a0: Ana\u00efs Villette Num\u00e9ro de siret : 753 473 339 000 61 Adresse (lieu d\u2019exercice)\u00a0: 1 bis rue du Capitaine Jasmin 59133 Phalempin R\u00e9alisation du site Internet : Ana\u00efs Villette et Marie Guibouin http:\/\/marieguibouin.com H\u00e9bergement\u00a0: OVH Contenus : Les informations, conseils et services&#8230;<\/p>\n","protected":false},"author":2,"featured_media":0,"parent":0,"menu_order":0,"comment_status":"closed","ping_status":"closed","template":"","meta":{"jetpack_post_was_ever_published":false,"footnotes":""},"class_list":["post-125","page","type-page","status-publish","hentry"],"jetpack_sharing_enabled":true,"jetpack_shortlink":"https:\/\/wp.me\/P8NyOD-21","_links":{"self":[{"href":"https:\/\/villette-mtc.com\/index.php\/wp-json\/wp\/v2\/pages\/125","targetHints":{"allow":["GET"]}}],"collection":[{"href":"https:\/\/villette-mtc.com\/index.php\/wp-json\/wp\/v2\/pages"}],"about":[{"href":"https:\/\/villette-mtc.com\/index.php\/wp-json\/wp\/v2\/types\/page"}],"author":[{"embeddable":true,"href":"https:\/\/villette-mtc.com\/index.php\/wp-json\/wp\/v2\/users\/2"}],"replies":[{"embeddable":true,"href":"https:\/\/villette-mtc.com\/index.php\/wp-json\/wp\/v2\/comments?post=125"}],"version-history":[{"count":8,"href":"https:\/\/villette-mtc.com\/index.php\/wp-json\/wp\/v2\/pages\/125\/revisions"}],"predecessor-version":[{"id":950,"href":"https:\/\/villette-mtc.com\/index.php\/wp-json\/wp\/v2\/pages\/125\/revisions\/950"}],"wp:attachment":[{"href":"https:\/\/villette-mtc.com\/index.php\/wp-json\/wp\/v2\/media?parent=125"}],"curies":[{"name":"wp","href":"https:\/\/api.w.org\/{rel}","templated":true}]}}