{"id":162,"date":"2017-06-01T18:38:26","date_gmt":"2017-06-01T17:38:26","guid":{"rendered":"http:\/\/villette-mtc.com\/?page_id=162"},"modified":"2023-11-23T14:45:06","modified_gmt":"2023-11-23T13:45:06","slug":"tuina","status":"publish","type":"page","link":"https:\/\/villette-mtc.com\/index.php\/tuina\/","title":{"rendered":"Tuina"},"content":{"rendered":"<h6><strong><span style=\"text-decoration: underline;\">Le TuiNa<\/span><\/strong><\/h6>\n<p>Le TuiNa veut dire <em>\u00ab\u00a0Pousser\u00a0\u00bb<\/em> et <em>\u00ab\u00a0Saisir\u00a0\u00bb<\/em> , des termes que l\u2019on utilise en massage \u00e9nerg\u00e9tique.<br \/>Elle va du massage en pression sur des zones, jusqu\u2019\u00e0 certaines mobilisations du corps.<br \/>Elle permet d\u2019aborder certaines zones autrement que par l\u2019acupuncture.<br \/>Cela peut aller du massage relaxant, \u00e0 un massage tonique pour r\u00e9activer la circulation. Ce massage est diff\u00e9rent du Shiatsu.<\/p>\n<p><strong><span style=\"text-decoration: underline;\">Le massage visc\u00e9ral<\/span><\/strong><\/p>\n<p>Technique que j\u2019ai apprise \u00e0 travers des formations de kin\u00e9sith\u00e9rapie. Je l\u2019utilise au quotidien, pour d\u00e9bloquer l\u2019\u00e9nergie dans les organes et visc\u00e8res,<br \/>ce qui a pour effet d\u2019harmoniser le corps et l\u2019esprit. <em>(le ventre est notre 2e cerveau)<\/em><\/p>\n<p>Elle est tr\u00e8s utile pour tous les d\u00e9sordres digestifs, et \u00e9motionnels <em>(boule dans le ventre ..)<\/em><\/p>\n<p>C\u2019est une technique douce, cependant je ne pratique pas sur les femmes enceintes.<br \/>Pour cela, je vous conseille de vous diriger vers votre Ost\u00e9opathe.<\/p>\n<h5><strong>Le Xiao Tuina \/ Shonishin<\/strong><\/h5>\n<p>C&rsquo;est une branche du tuina d\u00e9di\u00e9 aux enfants de 0 \u00e0 8 ans,<\/p>\n<p>Qui consiste \u00e0 harmoniser les \u00e9nergies par un massage sur les enfants.<br \/>Pas besoin d&rsquo;aiguilles \u00e0 cet \u00e2ge !<\/p>\n<p>Cela peut contribuer \u00e0 am\u00e9liorer les probl\u00e8mes d\u00e8s le plus jeune \u00e2ge comme par exemple :<\/p>\n<ul>\n<li>Des reflux gastriques<\/li>\n<li>Coliques, constipation, diarrh\u00e9es<\/li>\n<li>Retard de croissance<\/li>\n<li>Bronchites, Bronchiolites<\/li>\n<li>Asthme<\/li>\n<li>Ecz\u00e9ma<\/li>\n<li>Insomnies<\/li>\n<li>Freins de langue<\/li>\n<li>Plagioc\u00e9phalie<\/li>\n<li>Scoliose<\/li>\n<li>Torticolis cong\u00e9nital<\/li>\n<li>Hypotonie musculaire, IMC<\/li>\n<li>Etc..<\/li>\n<\/ul>\n<p><strong>Le Xiao Tuina\u00a0 et Shonishin sont une sp\u00e9cialit\u00e9 qui n&rsquo;est pas dans le cursus de base de <a href=\"https:\/\/villette-mtc.com\/index.php\/acupuncture\/\">m\u00e9decine chinoise<\/a>, et donc peu d&rsquo;entre nous sont form\u00e9s. N&rsquo;h\u00e9sitez pas \u00e0 demander si votre th\u00e9rapeute est form\u00e9 au Xiao Tuina.<\/strong><\/p>\n<p>Pour en savoir plus, <a href=\"https:\/\/villette-mtc.com\/index.php\/mes-specialisations\/massage-pediatrique-xiao-tuina\/\">visitez la page d\u00e9di\u00e9e au XiaoTuina Shonishin<\/a><\/p>\n<\/p>\n<p><strong>POUR INFORMATION, LE TUINA EST RESERVE UNIQUEMENT AUX ENFANTS ET <a href=\"https:\/\/villette-mtc.com\/index.php\/mes-specialisations\/tuina-femme-enceinte\/\">FEMME ENCEINTE<\/a> DANS MON CABINET.<\/strong><\/p>\n<p><strong>Pour une prise en charge Adulte Tuina Classique, je vous propose de voir avec un autre confr\u00e8re ou un shiatsuki.<\/strong><\/p>\n<\/p>\n\n\n<figure class=\"wp-block-gallery has-nested-images columns-default is-cropped wp-block-gallery-1 is-layout-flex wp-block-gallery-is-layout-flex\"><\/figure>\n\n\n\n<figure class=\"wp-block-image size-large\"><img data-recalc-dims=\"1\" loading=\"lazy\" decoding=\"async\" width=\"1024\" height=\"682\" src=\"https:\/\/i0.wp.com\/villette-mtc.com\/wp-content\/uploads\/2021\/05\/newborn-baby-feet-basket-161534-1.jpg?resize=1024%2C682&#038;ssl=1\" alt=\"\" class=\"wp-image-591\" srcset=\"https:\/\/i0.wp.com\/villette-mtc.com\/wp-content\/uploads\/2021\/05\/newborn-baby-feet-basket-161534-1.jpg?resize=1024%2C682&amp;ssl=1 1024w, https:\/\/i0.wp.com\/villette-mtc.com\/wp-content\/uploads\/2021\/05\/newborn-baby-feet-basket-161534-1.jpg?resize=300%2C200&amp;ssl=1 300w, https:\/\/i0.wp.com\/villette-mtc.com\/wp-content\/uploads\/2021\/05\/newborn-baby-feet-basket-161534-1.jpg?resize=768%2C512&amp;ssl=1 768w, https:\/\/i0.wp.com\/villette-mtc.com\/wp-content\/uploads\/2021\/05\/newborn-baby-feet-basket-161534-1.jpg?resize=1536%2C1024&amp;ssl=1 1536w, https:\/\/i0.wp.com\/villette-mtc.com\/wp-content\/uploads\/2021\/05\/newborn-baby-feet-basket-161534-1.jpg?w=1880&amp;ssl=1 1880w\" sizes=\"auto, (max-width: 1000px) 100vw, 1000px\" \/><figcaption class=\"wp-element-caption\">Libre de droit. Pieds de b\u00e9b\u00e9<\/figcaption><\/figure>\n","protected":false},"excerpt":{"rendered":"<p>Le TuiNa Le TuiNa veut dire \u00ab\u00a0Pousser\u00a0\u00bb et \u00ab\u00a0Saisir\u00a0\u00bb , des termes que l\u2019on utilise en massage \u00e9nerg\u00e9tique.Elle va du massage en pression sur des zones, jusqu\u2019\u00e0 certaines mobilisations du corps.Elle permet d\u2019aborder certaines zones autrement que par l\u2019acupuncture.Cela peut aller du massage relaxant, \u00e0 un massage tonique pour r\u00e9activer la circulation. Ce massage est&#8230;<\/p>\n","protected":false},"author":2,"featured_media":619,"parent":0,"menu_order":0,"comment_status":"closed","ping_status":"closed","template":"","meta":{"jetpack_post_was_ever_published":false,"footnotes":""},"class_list":["post-162","page","type-page","status-publish","has-post-thumbnail","hentry"],"jetpack_sharing_enabled":true,"jetpack_shortlink":"https:\/\/wp.me\/P8NyOD-2C","_links":{"self":[{"href":"https:\/\/villette-mtc.com\/index.php\/wp-json\/wp\/v2\/pages\/162","targetHints":{"allow":["GET"]}}],"collection":[{"href":"https:\/\/villette-mtc.com\/index.php\/wp-json\/wp\/v2\/pages"}],"about":[{"href":"https:\/\/villette-mtc.com\/index.php\/wp-json\/wp\/v2\/types\/page"}],"author":[{"embeddable":true,"href":"https:\/\/villette-mtc.com\/index.php\/wp-json\/wp\/v2\/users\/2"}],"replies":[{"embeddable":true,"href":"https:\/\/villette-mtc.com\/index.php\/wp-json\/wp\/v2\/comments?post=162"}],"version-history":[{"count":11,"href":"https:\/\/villette-mtc.com\/index.php\/wp-json\/wp\/v2\/pages\/162\/revisions"}],"predecessor-version":[{"id":963,"href":"https:\/\/villette-mtc.com\/index.php\/wp-json\/wp\/v2\/pages\/162\/revisions\/963"}],"wp:featuredmedia":[{"embeddable":true,"href":"https:\/\/villette-mtc.com\/index.php\/wp-json\/wp\/v2\/media\/619"}],"wp:attachment":[{"href":"https:\/\/villette-mtc.com\/index.php\/wp-json\/wp\/v2\/media?parent=162"}],"curies":[{"name":"wp","href":"https:\/\/api.w.org\/{rel}","templated":true}]}}