{"id":164,"date":"2017-06-01T19:38:37","date_gmt":"2017-06-01T17:38:37","guid":{"rendered":"http:\/\/villette-mtc.com\/?page_id=164"},"modified":"2017-06-20T12:55:40","modified_gmt":"2017-06-20T10:55:40","slug":"pharmacopee","status":"publish","type":"page","link":"https:\/\/villette-mtc.com\/index.php\/pharmacopee\/","title":{"rendered":"Pharmacop\u00e9e"},"content":{"rendered":"<figure id=\"attachment_235\" aria-describedby=\"caption-attachment-235\" style=\"width: 725px\" class=\"wp-caption aligncenter\"><img data-recalc-dims=\"1\" loading=\"lazy\" decoding=\"async\" class=\"wp-image-235 size-full\" src=\"https:\/\/i0.wp.com\/villette-mtc.com\/wp-content\/uploads\/2017\/06\/Medecine-chinoise-la-phytotherapie-de-l-equilibre-1.jpeg?resize=725%2C483\" alt=\"\" width=\"725\" height=\"483\" srcset=\"https:\/\/i0.wp.com\/villette-mtc.com\/wp-content\/uploads\/2017\/06\/Medecine-chinoise-la-phytotherapie-de-l-equilibre-1.jpeg?w=725&amp;ssl=1 725w, https:\/\/i0.wp.com\/villette-mtc.com\/wp-content\/uploads\/2017\/06\/Medecine-chinoise-la-phytotherapie-de-l-equilibre-1.jpeg?resize=300%2C200&amp;ssl=1 300w\" sizes=\"auto, (max-width: 725px) 100vw, 725px\" \/><figcaption id=\"caption-attachment-235\" class=\"wp-caption-text\"><a href=\"https:\/\/villette-mtc.com\/index.php\/contact\/\">Pharmacop\u00e9e<\/a> Chinoise<\/figcaption><\/figure>\n<p>La pharmacop\u00e9e chinoise est l\u2019\u00e9laboration de plusieurs plantes, qui ont des vertus diff\u00e9rentes. \u2028Chaque formule est adapt\u00e9 \u00e0 chaque profil \u00e9nerg\u00e9tique.<br \/>\nOn pourrait comparer cela \u00e0 de l\u2019herboristerie, mais les modes d\u2019action ne sont pas les m\u00eames.<\/p>\n<p>Le r\u00f4le du praticien est de choisir la formule qui conviendrait au patient, et le r\u00e9oriente vers un laboratoire de m\u00e9decine traditionnelle chinoise.<\/p>\n<p>Il faut savoir que les plantes ont une grande efficacit\u00e9, et n\u2019oublions pas qu\u2019elles peuvent \u00eatre mortelles ! Alors aucune m\u00e9dication libre n\u2019est recommand\u00e9e.<br \/>\nElles n\u2019ont pas non plus la rapidit\u00e9 d\u2019un Dafalgan, 1 mois voire plus est souvent recommand\u00e9 pour nourrir l\u2019esprit ou le corps.<\/p>\n<p><span style=\"border-radius: 2px; text-indent: 20px; width: auto; padding: 0px 4px 0px 0px; text-align: center; font: bold 11px\/20px 'Helvetica Neue',Helvetica,sans-serif; color: #ffffff; background: #bd081c  no-repeat scroll 3px 50% \/ 14px 14px; position: absolute; opacity: 1; z-index: 8675309; display: none; cursor: pointer; top: 41px; left: 43px;\">Enregistrer<\/span><\/p>\n","protected":false},"excerpt":{"rendered":"<p>La pharmacop\u00e9e chinoise est l\u2019\u00e9laboration de plusieurs plantes, qui ont des vertus diff\u00e9rentes. \u2028Chaque formule est adapt\u00e9 \u00e0 chaque profil \u00e9nerg\u00e9tique. On pourrait comparer cela \u00e0 de l\u2019herboristerie, mais les modes d\u2019action ne sont pas les m\u00eames. Le r\u00f4le du praticien est de choisir la formule qui conviendrait au patient, et le r\u00e9oriente vers un&#8230;<\/p>\n","protected":false},"author":2,"featured_media":0,"parent":0,"menu_order":0,"comment_status":"closed","ping_status":"closed","template":"","meta":{"jetpack_post_was_ever_published":false,"footnotes":""},"class_list":["post-164","page","type-page","status-publish","hentry"],"jetpack_sharing_enabled":true,"jetpack_shortlink":"https:\/\/wp.me\/P8NyOD-2E","_links":{"self":[{"href":"https:\/\/villette-mtc.com\/index.php\/wp-json\/wp\/v2\/pages\/164","targetHints":{"allow":["GET"]}}],"collection":[{"href":"https:\/\/villette-mtc.com\/index.php\/wp-json\/wp\/v2\/pages"}],"about":[{"href":"https:\/\/villette-mtc.com\/index.php\/wp-json\/wp\/v2\/types\/page"}],"author":[{"embeddable":true,"href":"https:\/\/villette-mtc.com\/index.php\/wp-json\/wp\/v2\/users\/2"}],"replies":[{"embeddable":true,"href":"https:\/\/villette-mtc.com\/index.php\/wp-json\/wp\/v2\/comments?post=164"}],"version-history":[{"count":7,"href":"https:\/\/villette-mtc.com\/index.php\/wp-json\/wp\/v2\/pages\/164\/revisions"}],"predecessor-version":[{"id":593,"href":"https:\/\/villette-mtc.com\/index.php\/wp-json\/wp\/v2\/pages\/164\/revisions\/593"}],"wp:attachment":[{"href":"https:\/\/villette-mtc.com\/index.php\/wp-json\/wp\/v2\/media?parent=164"}],"curies":[{"name":"wp","href":"https:\/\/api.w.org\/{rel}","templated":true}]}}