{"id":2,"date":"2017-05-17T16:21:48","date_gmt":"2017-05-17T15:21:48","guid":{"rendered":"http:\/\/villette-mtc.com\/?page_id=2"},"modified":"2025-10-27T18:12:24","modified_gmt":"2025-10-27T17:12:24","slug":"page-d-exemple","status":"publish","type":"page","link":"https:\/\/villette-mtc.com\/","title":{"rendered":"La m\u00e9decine chinoise"},"content":{"rendered":"\n<div class=\"wp-block-group\"><div class=\"wp-block-group__inner-container is-layout-flow wp-block-group-is-layout-flow\">\n<div class=\"wp-block-group\"><div class=\"wp-block-group__inner-container is-layout-flow wp-block-group-is-layout-flow\">\n<h3 class=\"wp-block-heading has-vivid-red-color has-text-color\"><strong>Actualit\u00e9s <\/strong>Hiver 2025<\/h3>\n\n\n\n<p>INFORMATION IMPORTANTE:<br>Les prestations d&rsquo;esth\u00e9tique ne seront plus effectu\u00e9es \u00e0 partir de 2025.<\/p>\n\n\n\n<p><strong>Samedis rares<\/strong><br>En Novembre et D\u00e9cembre, les rendez vous du samedi se feront plus rare.<br>Merci de votre compr\u00e9hension.<strong><br><\/strong><\/p>\n\n\n\n<p><span style=\"text-decoration: underline;\"><strong>TARIF des s\u00e9ances :<br><\/strong><\/span>Suite \u00e0 une augmentation de nos charges d&rsquo;activit\u00e9 lib\u00e9rale,<br>Je me vois contrainte d&rsquo;augmenter le tarif des s\u00e9ances \u00e0 <strong>65\u20ac d\u00e8s le 1er Septembre 2024<\/strong><br><br>&#8212;&#8212;&#8212;&#8212;&#8212;&#8212;&#8212;&#8212;&#8211;<br><br>MERCI D&rsquo;HONORER VOS RDV, quand vous ne venez pas, vous prenez un cr\u00e9neau de quelqu&rsquo;un qui veut r\u00e9ellement venir.<br><br><strong>Merci de pr\u00e9voir une grande serviette propre, un masque si vous \u00eates malade et votre stylo.<\/strong><br><br>Venez \u00e0 l\u2019heure, \u00e9vitez d\u2019arriver en avance (ni en retard ^^) pour ne pas encombrer la salle d\u2019attente.<br>La salle d&rsquo;attente MTC est la 1e quand vous rentrez : avec les chaises jaunes. Je viendrai vous chercher.<br>Les horaires ont \u00e9t\u00e9 am\u00e9nag\u00e9s pour permettre de d\u00e9sinfecter apr\u00e8s chaque patient.<br><br>Pour prendre rendez-vous, rien de plus simple :<br>allez \u00e0 l\u2019onglet \u00ab&nbsp;<a href=\"http:\/\/villette-mtc.com\/index.php\/contact\/\" target=\"_blank\" rel=\"noreferrer noopener\">Prendre RDV<\/a>&nbsp;\u00bb et choisissez l\u2019horaire qui vous convient.<\/p>\n\n\n\n<p class=\"has-text-color\" style=\"color:#0a06e5\">Prenez soin de vous<\/p>\n\n\n\n<p>&#8212;&#8212;&#8212;&#8212;&#8212;&#8212;&#8212;&#8212;&#8211;<\/p>\n\n\n\n<p>Le cabinet se situe \u00e0 Phalempin : 20 min de LILLE, 20 min de LENS, 30 min de DOUAI.<\/p>\n<\/div><\/div>\n<\/div><\/div>\n\n\n\n<p>Flash Code de prise de rdv<\/p>\n\n\n\n<p> <img data-recalc-dims=\"1\" loading=\"lazy\" decoding=\"async\" width=\"150\" height=\"150\" class=\"wp-image-884\" style=\"width: 150px;\" src=\"https:\/\/i0.wp.com\/villette-mtc.com\/wp-content\/uploads\/2023\/03\/QR-Code-site-internet.gif?resize=150%2C150&#038;ssl=1\" alt=\"\"><\/p>\n\n\n<ul>\n<li>\n<h5><strong><span style=\"text-decoration: underline;\">La M\u00e9decine Traditionnelle Chinoise (MTC), qu&rsquo;est ce que c&rsquo;est ?<\/span><\/strong><\/h5>\n<\/li>\n<\/ul>\n<p>C&rsquo;est une m\u00e9decine ancestrale, encore beaucoup pratiqu\u00e9e dans les pays asiatiques.<br \/>Elle existe depuis des milliers d&rsquo;ann\u00e9es, elle a donc eu le temps de faire ses preuves, et \u00e9volue encore de nos jours.<\/p>\n<p>Elle repose sur l&rsquo;observation du corps \u00e0 la r\u00e9action de stimulations, qu&rsquo;elles soient via des aiguilles d&rsquo;acupuncture, via les massages, ou bien m\u00eame les rem\u00e8des naturels, l&rsquo;alimentation et les plantes aux vertus th\u00e9rapeutiques.<br \/>C&rsquo;est ce qu&rsquo;on appelle une m\u00e9decine empirique (bas\u00e9e sur l&rsquo;observation).<\/p>\n<p><strong>Le principe de la MTC est d&rsquo;entretenir la sant\u00e9, r\u00e9gulariser le yin et le yang du corps,<\/strong> par des th\u00e9ories qui repr\u00e9sentent le corps d&rsquo;une fa\u00e7on diff\u00e9rente de l&rsquo;approche occidentale.<br \/>Le corps est repr\u00e9sent\u00e9 comme un r\u00e9seau immense de m\u00e9ridiens, o\u00f9 circule le Qi : l&rsquo;\u00e9nergie vitale. Toute perturbation du Qi ou des m\u00e9ridiens peut cr\u00e9er des maladies ou dysfonctionnements.<\/p>\n<p><strong>Le r\u00f4le d&rsquo;un praticien en MTC est de r\u00e9gulariser ce corps, venir trouver la source du probl\u00e8me.<\/strong> Le but \u00e9tant de trouver un soulagement des diff\u00e9rents maux, mais aussi d&rsquo;entretenir la sant\u00e9.<\/p>\n<p>La MTC est reconnue officiellement par l&rsquo;Organisation Mondiale de la Sant\u00e9 (OMS).<\/p>\n<p><strong><span style=\"text-decoration: underline;\">En aucun cas, la MTC doit remplacer vos soins chez le m\u00e9decin ! <\/span><\/strong>C&rsquo;est une pratique compl\u00e9mentaire.<\/p>\n<ul>\n<li>\n<h5><span style=\"text-decoration: underline;\">D\u00e9roulement d\u2019une s\u00e9ance<br \/><\/span><\/h5>\n<p><figure id=\"attachment_56\" aria-describedby=\"caption-attachment-56\" style=\"width: 300px\" class=\"wp-caption aligncenter\"><img data-recalc-dims=\"1\" loading=\"lazy\" decoding=\"async\" class=\"wp-image-56 size-medium\" src=\"https:\/\/i0.wp.com\/villette-mtc.com\/wp-content\/uploads\/2017\/05\/20170418-Anai%CC%88s-Villette%EF%A3%BFweb-2.jpg?resize=300%2C200&#038;ssl=1\" alt=\"Ana\u00efs Villette re\u00e7evant du public dans la salle de soin, prise de pouls\" width=\"300\" height=\"200\" \/><figcaption id=\"caption-attachment-56\" class=\"wp-caption-text\">Prise de pouls<\/figcaption><\/figure>\n<\/li>\n<\/ul>\n<p>Lorsque vous venez me consulter, vous venez pour une raison bien pr\u00e9cise, ou pour un entretien de sant\u00e9.<br \/>Le but de la s\u00e9ance est de d\u00e9couvrir ensemble le d\u00e9s\u00e9quilibre qui a \u00e9t\u00e9 cr\u00e9\u00e9 (dans le corps ou dans l\u2019esprit) et de r\u00e9tablir une harmonie.<br \/>Pour cela, je vous pose des questions sur votre mode de vie, les petits probl\u00e8mes du quotidien, de quand remonte les soucis etc..<br \/>Puis, j\u2019effectue une prise de Pouls Radial <em>(je pose mes doigts sur le poignet)<\/em> et observe votre langue, ce qui me permet de d\u00e9couvrir ces fameux d\u00e9s\u00e9quilibres.<\/p>\n<p>Au passage, l\u2019observation de la langue est facilit\u00e9e si vous ne vous brossez pas le dos de la langue <em>(toutes les informations seront perdues)<\/em><br \/>Attention \u00e0 ne pas consommer de boissons ou aliments qui peuvent modifier la couleur de la langue, tel que le caf\u00e9, les fruits rouges, les bonbons..<\/p>\n<p>De m\u00eame, \u00e9vitez de vous parfumer et de vous maquiller le jour de la s\u00e9ance.<\/p>\n<p>Une fois le bilan \u00e9nerg\u00e9tique effectu\u00e9, j\u2019ai diff\u00e9rents outils devant moi :<\/p>\n<ul>\n<li>le massage visc\u00e9ral, <em>n\u2019oublions pas que le ventre est le 2e cerveau !<\/em><\/li>\n<li>le GuaSha, les ventouses et moxa, l\u2019auriculopuncture,<\/li>\n<li>le <a href=\"https:\/\/villette-mtc.com\/index.php\/mes-specialisations\/tuina-femme-enceinte\/\">Tuina<\/a> (massage chinois),<\/li>\n<li>la pharmacop\u00e9e chinoise<\/li>\n<li>l&rsquo;acupuncture<\/li>\n<\/ul>\n<p>Si besoin, quelques conseils de di\u00e9t\u00e9tique chinoise compl\u00e8tent la s\u00e9ance.<\/p>\n<p>Cette approche est donc tr\u00e8s personnalis\u00e9e, et diff\u00e9rente \u00e0 chacun d\u2019entre vous.<br \/>Concernant les enfants, il est possible \u00e9galement de les recevoir, mais en g\u00e9n\u00e9ral j&rsquo;adapte la s\u00e9ance jusqu&rsquo;\u00e0 l\u2019age de 6-7ans, et propose \u00e0 la place du Xiao Tuina <em>(massage sp\u00e9cifique aux enfants, qui demande une formation compl\u00e9mentaire de la part du th\u00e9rapeute )<\/em>.<\/p>\n<p><strong>Le tarif s&rsquo;\u00e9l\u00e8ve \u00e0 65\u20ac, <\/strong><br \/><strong>Comptez 1h de prise en charge en moyenne.<\/strong><br \/><strong>Certaines Mutuelles prennent en partie le remboursement des s\u00e9ances,<\/strong><br \/><strong>n&rsquo;h\u00e9sitez pas \u00e0 vous renseigner aupr\u00e8s de la votre.<\/strong><\/p>\n<ul>\n<li>\n<h6><strong><span style=\"text-decoration: underline;\">Pr\u00e9sentation du cabinet<\/span><\/strong><\/h6>\n<\/li>\n<\/ul>\n<p>Le cabinet de M\u00e9decine Traditionnelle Chinoise se situe dans un complexe para m\u00e9dical, o\u00f9 co-exercent Masseur-Kin\u00e9sith\u00e9rapeutes, Infirmiers, Ost\u00e9opathe, Psychologue, Sophrologue, Naturopathe, Di\u00e9t\u00e9ticienne, Baln\u00e9oth\u00e9rapie et Proth\u00e9siste auditif.<\/p>\n<p>L\u2019acc\u00e8s aux personnes \u00e0 mobilit\u00e9 r\u00e9duite est ais\u00e9, je poss\u00e8de une table \u00e9lectrique pour plus de facilit\u00e9.<\/p>\n<p>Les s\u00e9ances sont individuelles et uniquement sur rendez vous,<br \/>Je ne fais pas de domicile.<br \/>La prise de RDV est facile sur internet, dans l&rsquo;onglet \u00ab\u00a0<a href=\"https:\/\/villette-mtc.com\/index.php\/contact\/\">PRENDRE RDV<\/a>\u00a0\u00bb du site.<br \/>N\u2019h\u00e9sitez pas \u00e0 me contacter, par mail de pr\u00e9f\u00e9rence. Je ne r\u00e9ponds pas au t\u00e9l\u00e9phone lorsque je suis en consultation.<\/p>\n<p>Il est possible de me contacter \u00e9galement via le formulaire de contact du site.<\/p>\n<p>Le nombre de s\u00e9ances est tr\u00e8s variable en fonction de chacun, notamment en fonction de l\u2019anciennet\u00e9 du d\u00e9s\u00e9quilibre. Des s\u00e9ances pr\u00e9ventives sont les bienvenues pour \u00e9viter la r\u00e9apparition des troubles, ou en tout cas les att\u00e9nuer.<\/p>\n<p>Les conditions d\u2019hygi\u00e8ne sont scrupuleusement respect\u00e9es avec l\u2019utilisation de mat\u00e9riel \u00e0 usage unique, draps chang\u00e9s entre chaque patients, d\u00e9sinfections des surfaces entre chaque patients.<\/p>\n<p>Le cabinet est ouvert du Mardi au Vendredi de 9h \u00e0 20h. Le samedi de 9h \u00e0 14h<br \/>Phalempin : 20 min de LILLE, 20 min de LENS, 30 min de DOUAI.<\/p>\n<figure id=\"attachment_201\" aria-describedby=\"caption-attachment-201\" style=\"width: 300px\" class=\"wp-caption aligncenter\"><img data-recalc-dims=\"1\" loading=\"lazy\" decoding=\"async\" class=\"wp-image-201 size-medium\" src=\"https:\/\/i0.wp.com\/villette-mtc.com\/wp-content\/uploads\/2017\/05\/IMG_4434.JPG-copie.jpg?resize=300%2C137&#038;ssl=1\" alt=\"Salle o\u00f9 je vous re\u00e7ois \u00e0 Phalempin, normes PMR\" width=\"300\" height=\"137\" srcset=\"https:\/\/i0.wp.com\/villette-mtc.com\/wp-content\/uploads\/2017\/05\/IMG_4434.JPG-copie.jpg?resize=300%2C137&amp;ssl=1 300w, https:\/\/i0.wp.com\/villette-mtc.com\/wp-content\/uploads\/2017\/05\/IMG_4434.JPG-copie.jpg?resize=768%2C352&amp;ssl=1 768w, https:\/\/i0.wp.com\/villette-mtc.com\/wp-content\/uploads\/2017\/05\/IMG_4434.JPG-copie.jpg?resize=1024%2C469&amp;ssl=1 1024w, https:\/\/i0.wp.com\/villette-mtc.com\/wp-content\/uploads\/2017\/05\/IMG_4434.JPG-copie.jpg?w=2000&amp;ssl=1 2000w, https:\/\/i0.wp.com\/villette-mtc.com\/wp-content\/uploads\/2017\/05\/IMG_4434.JPG-copie.jpg?w=3000&amp;ssl=1 3000w\" sizes=\"auto, (max-width: 300px) 100vw, 300px\" \/><figcaption id=\"caption-attachment-201\" class=\"wp-caption-text\">Salle de soin<\/figcaption><\/figure>\n<p><span style=\"border-radius: 2px; text-indent: 20px; width: auto; padding: 0px 4px 0px 0px; text-align: center; font: bold 11px\/20px 'Helvetica Neue',Helvetica,sans-serif; color: #ffffff; background: #bd081c no-repeat scroll 3px 50% \/ 14px 14px; position: absolute; opacity: 1; z-index: 8675309; display: none; cursor: pointer; top: 2085px; left: 248px;\">Enregistrer<\/span><\/p>\n\n\n<p><br><br><\/p>\n","protected":false},"excerpt":{"rendered":"<p>Actualit\u00e9s Hiver 2025 INFORMATION IMPORTANTE:Les prestations d&rsquo;esth\u00e9tique ne seront plus effectu\u00e9es \u00e0 partir de 2025. Samedis raresEn Novembre et D\u00e9cembre, les rendez vous du samedi se feront plus rare.Merci de votre compr\u00e9hension. TARIF des s\u00e9ances :Suite \u00e0 une augmentation de nos charges d&rsquo;activit\u00e9 lib\u00e9rale,Je me vois contrainte d&rsquo;augmenter le tarif des s\u00e9ances \u00e0 65\u20ac d\u00e8s&#8230;<\/p>\n","protected":false},"author":2,"featured_media":32,"parent":0,"menu_order":0,"comment_status":"closed","ping_status":"open","template":"","meta":{"jetpack_post_was_ever_published":false,"footnotes":""},"class_list":["post-2","page","type-page","status-publish","has-post-thumbnail","hentry"],"jetpack_sharing_enabled":true,"jetpack_shortlink":"https:\/\/wp.me\/P8NyOD-2","_links":{"self":[{"href":"https:\/\/villette-mtc.com\/index.php\/wp-json\/wp\/v2\/pages\/2","targetHints":{"allow":["GET"]}}],"collection":[{"href":"https:\/\/villette-mtc.com\/index.php\/wp-json\/wp\/v2\/pages"}],"about":[{"href":"https:\/\/villette-mtc.com\/index.php\/wp-json\/wp\/v2\/types\/page"}],"author":[{"embeddable":true,"href":"https:\/\/villette-mtc.com\/index.php\/wp-json\/wp\/v2\/users\/2"}],"replies":[{"embeddable":true,"href":"https:\/\/villette-mtc.com\/index.php\/wp-json\/wp\/v2\/comments?post=2"}],"version-history":[{"count":51,"href":"https:\/\/villette-mtc.com\/index.php\/wp-json\/wp\/v2\/pages\/2\/revisions"}],"predecessor-version":[{"id":1115,"href":"https:\/\/villette-mtc.com\/index.php\/wp-json\/wp\/v2\/pages\/2\/revisions\/1115"}],"wp:featuredmedia":[{"embeddable":true,"href":"https:\/\/villette-mtc.com\/index.php\/wp-json\/wp\/v2\/media\/32"}],"wp:attachment":[{"href":"https:\/\/villette-mtc.com\/index.php\/wp-json\/wp\/v2\/media?parent=2"}],"curies":[{"name":"wp","href":"https:\/\/api.w.org\/{rel}","templated":true}]}}