{"id":280,"date":"2018-03-06T14:16:09","date_gmt":"2018-03-06T12:16:09","guid":{"rendered":"http:\/\/villette-mtc.com\/?page_id=280"},"modified":"2023-11-30T16:41:53","modified_gmt":"2023-11-30T15:41:53","slug":"mes-specialisations","status":"publish","type":"page","link":"https:\/\/villette-mtc.com\/index.php\/mes-specialisations\/","title":{"rendered":"Mes formations compl\u00e9mentaires"},"content":{"rendered":"<p>Je suis form\u00e9e en compl\u00e9ment pour d&rsquo;autres techniques en <a href=\"https:\/\/villette-mtc.com\/index.php\/acupuncture\/\">m\u00e9decine chinoise<\/a>,<\/p>\n<p>je vous invite \u00e0 les d\u00e9couvrir dans le sous menu :<\/p>\n<ul>\n<li>Esth\u00e9tique<\/li>\n<li>Massage b\u00e9b\u00e9 \/ enfant XiaoTuina Shonishin<\/li>\n<li>Massage <a href=\"https:\/\/villette-mtc.com\/index.php\/mes-specialisations\/tuina-femme-enceinte\/\">Femme Enceinte<\/a> (Anmo)<\/li>\n<li>Dry Needling (puncture s\u00e8che kin\u00e9sith\u00e9rapique)<\/li>\n<\/ul>\n<p>En plus de ces grandes formations,<\/p>\n<p>Je suis form\u00e9e en m\u00e9thode Tung, Hom\u00e9opathie, Visceral, Craniopuncture (YNSA),<br \/>\n<span style=\"font-size: revert; color: initial; font-family: -apple-system, BlinkMacSystemFont, 'Segoe UI', Roboto, Oxygen-Sans, Ubuntu, Cantarell, 'Helvetica Neue', sans-serif;\">Kinseikyu (r\u00e9\u00e9quilibrage postural \u00e0 l&rsquo;aide du <a href=\"https:\/\/villette-mtc.com\/\">moxa<\/a>), M\u00e9thode de Mr Jacques dite la G\u00e9om\u00e9trie en MTC, Moxibustion avanc\u00e9e japonaise<\/span><\/p>\n\n\n<p>Le cabinet se situe \u00e0 Phalempin : 20 min de LILLE, 20 min de LENS, 30 min de DOUAI.<\/p>\n","protected":false},"excerpt":{"rendered":"<p>Je suis form\u00e9e en compl\u00e9ment pour d&rsquo;autres techniques en m\u00e9decine chinoise, je vous invite \u00e0 les d\u00e9couvrir dans le sous menu : Esth\u00e9tique Massage b\u00e9b\u00e9 \/ enfant XiaoTuina Shonishin Massage Femme Enceinte (Anmo) Dry Needling (puncture s\u00e8che kin\u00e9sith\u00e9rapique) En plus de ces grandes formations, Je suis form\u00e9e en m\u00e9thode Tung, Hom\u00e9opathie, Visceral, Craniopuncture (YNSA), Kinseikyu&#8230;<\/p>\n","protected":false},"author":2,"featured_media":0,"parent":0,"menu_order":0,"comment_status":"closed","ping_status":"closed","template":"","meta":{"jetpack_post_was_ever_published":false,"footnotes":""},"class_list":["post-280","page","type-page","status-publish","hentry"],"jetpack_sharing_enabled":true,"jetpack_shortlink":"https:\/\/wp.me\/P8NyOD-4w","_links":{"self":[{"href":"https:\/\/villette-mtc.com\/index.php\/wp-json\/wp\/v2\/pages\/280","targetHints":{"allow":["GET"]}}],"collection":[{"href":"https:\/\/villette-mtc.com\/index.php\/wp-json\/wp\/v2\/pages"}],"about":[{"href":"https:\/\/villette-mtc.com\/index.php\/wp-json\/wp\/v2\/types\/page"}],"author":[{"embeddable":true,"href":"https:\/\/villette-mtc.com\/index.php\/wp-json\/wp\/v2\/users\/2"}],"replies":[{"embeddable":true,"href":"https:\/\/villette-mtc.com\/index.php\/wp-json\/wp\/v2\/comments?post=280"}],"version-history":[{"count":10,"href":"https:\/\/villette-mtc.com\/index.php\/wp-json\/wp\/v2\/pages\/280\/revisions"}],"predecessor-version":[{"id":979,"href":"https:\/\/villette-mtc.com\/index.php\/wp-json\/wp\/v2\/pages\/280\/revisions\/979"}],"wp:attachment":[{"href":"https:\/\/villette-mtc.com\/index.php\/wp-json\/wp\/v2\/media?parent=280"}],"curies":[{"name":"wp","href":"https:\/\/api.w.org\/{rel}","templated":true}]}}