{"id":284,"date":"2018-03-06T14:18:38","date_gmt":"2018-03-06T13:18:38","guid":{"rendered":"http:\/\/villette-mtc.com\/?page_id=284"},"modified":"2024-08-03T14:06:47","modified_gmt":"2024-08-03T12:06:47","slug":"esthetique","status":"publish","type":"page","link":"https:\/\/villette-mtc.com\/index.php\/mes-specialisations\/esthetique\/","title":{"rendered":"Esth\u00e9tique"},"content":{"rendered":"<p>A partir de Mai 2018, je vous propose une sp\u00e9cialit\u00e9 en Esth\u00e9tique.<\/p>\n<p><strong>Comment fonctionne l&rsquo;esth\u00e9tique en <a href=\"https:\/\/villette-mtc.com\/index.php\/acupuncture\/\">m\u00e9decine chinoise<\/a> ?<\/strong><\/p>\n<p>Elle consiste \u00e0 r\u00e9\u00e9quilibrer les \u00e9nergies, \u00e0 tonifier certaines zones du visage par exemple,<br \/>ou \u00e0 disperser les graisses.<\/p>\n<p><strong>Quelques indications \u00e0 cette pratique :<\/strong><\/p>\n<p>ESTHETIQUE VISAGE (2H)<\/p>\n<ul>\n<li>&#8211; Lifting Visage, rides, marques d&rsquo;expressions, taches, cicatrices d&rsquo;acn\u00e9 (rajeunissement cutan\u00e9, fraicheur de la peau)<\/li>\n<\/ul>\n<p>ESTHETIQUE NON VISAGE (1H)<\/p>\n<ul>\n<li>&#8211; Graisses localis\u00e9es, au ventre, cuisses, fesses (r\u00e9duit le tissus adipeux localis\u00e9)<\/li>\n<li>&#8211; Double menton, \u00e9pais et graisseux<\/li>\n<li>&#8211; Cellulite<\/li>\n<li>&#8211; Vergetures<\/li>\n<li>&#8211; Cicatrices<\/li>\n<li>&#8211; Alop\u00e9cie ( perte de cheveux, calvitie)<\/li>\n<li>&#8211; Augmentation des fesses, des l\u00e8vres, des sourcils (prendre du NON visage, pour avoir le tarif classique)<\/li>\n<\/ul>\n<p><strong>Contres indications :<\/strong><\/p>\n<ul>\n<li>Femmes enceintes<\/li>\n<li>Port d&rsquo;un PaceMaker<\/li>\n<li>Zones avec pi\u00e8ces m\u00e9talliques, st\u00e9rilet cuivre pour certains soins<\/li>\n<li>Sous Anticoagulant ou troubles de la coagulation du sang<\/li>\n<li>Infections, Herp\u00e8s, Verrues, Psoriasis, l\u00e9sions canc\u00e9reuses<\/li>\n<li>Chez les tr\u00e8s sensibles aux aiguilles ou aux stimulateurs cutan\u00e9s<\/li>\n<li>Acn\u00e9 active<\/li>\n<\/ul>\n<p><strong>Pr\u00e9cautions : <\/strong><\/p>\n<ul>\n<li><strong>Aucun maquillage<\/strong> avant la s\u00e9ance et 24h apr\u00e8s.<\/li>\n<li>Pr\u00e9voir d&rsquo;\u00e9viter de s&rsquo;exposer au soleil durant quelques jours, pr\u00e9voir la cr\u00e8me solaire 50.<\/li>\n<li>Merci de pr\u00e9venir s&rsquo;il y a une <strong>allergie \u00e0 la lidoca\u00efne, \u00e0 l&rsquo;iode, \u00e0 l&rsquo;aloe vera<\/strong>, ou autres substances.<\/li>\n<li>Merci de pr\u00e9venir s&rsquo;il y a eu injection de Botox r\u00e9cemment.<\/li>\n<\/ul>\n<p><strong>Combien de s\u00e9ances :<\/strong><\/p>\n<p>Entre 5 et 10 s\u00e9ances pour tous les traitements,<br \/>Pour une fonte des graisses, on peut perdre jusqu&rsquo;\u00e0 2 tailles de pantalons en 10 s\u00e9ances. (perte d&rsquo;au moins 2cm de tour de taille sur 1 s\u00e9ance)<br \/>A raison d&rsquo;1 s\u00e9ance par semaine.<\/p>\n<p><strong>Rappel :<\/strong><\/p>\n<p>&#8211; Merci de r\u00e9server votre s\u00e9ance visage avec l&rsquo;onglet ESTHETIQUE VISAGE <strong>2H (100\u20ac)<\/strong><br \/>&#8211; Et des autres soins: corps, cellulite, graisse abdominale, vergetures avec l&rsquo;onglet ESTHETIQUE NON VISAGE <strong>1H (65\u20ac)<\/strong><\/p>\n<p><strong>Combien coute la s\u00e9ance :<\/strong><\/p>\n<p>En raison d&rsquo;un nombre \u00e9lev\u00e9 de mat\u00e9riel utilis\u00e9 lors de la s\u00e9ance,<br \/>Chaque s\u00e9ance pour le visage coute <strong>100\u20ac.<\/strong><\/p>\n<p>Certaines prestations comme repulper les l\u00e8vres, les sourcils, ou les fesses restent \u00e0 <strong>65\u20ac<\/strong><\/p>\n<p>Comptez 1h \u00e0 1h30 par s\u00e9ance.<br \/>Les soins du visage peuvent prendre jusqu&rsquo;\u00e0 2h.<br \/>Pour plus d\u2019efficacit\u00e9, on rapproche les s\u00e9ances : 1 \u00e0 3 s\u00e9ances par semaine, sur 3-4 semaines.<\/p>\n<p>Pour tout compl\u00e9ment d&rsquo;information, vous pouvez me contacter par mail.<\/p>\n<p>Je remercie les personnes qui m&rsquo;ont autoris\u00e9 \u00e0 utiliser leurs photos de soin<\/p>\n\n\n<p><\/p>\n\n\n<div class=\"wp-block-image\">\n<figure class=\"aligncenter size-large is-resized\"><img data-recalc-dims=\"1\" loading=\"lazy\" decoding=\"async\" width=\"1024\" height=\"375\" src=\"https:\/\/i0.wp.com\/villette-mtc.com\/wp-content\/uploads\/2020\/10\/IMG_2828.jpg?resize=1024%2C375&#038;ssl=1\" alt=\"rides du front, apr\u00e8s 3 s\u00e9ances\" class=\"wp-image-518\" style=\"width:494px;height:auto\" srcset=\"https:\/\/i0.wp.com\/villette-mtc.com\/wp-content\/uploads\/2020\/10\/IMG_2828.jpg?resize=1024%2C375&amp;ssl=1 1024w, https:\/\/i0.wp.com\/villette-mtc.com\/wp-content\/uploads\/2020\/10\/IMG_2828.jpg?resize=300%2C110&amp;ssl=1 300w, https:\/\/i0.wp.com\/villette-mtc.com\/wp-content\/uploads\/2020\/10\/IMG_2828.jpg?resize=768%2C281&amp;ssl=1 768w, https:\/\/i0.wp.com\/villette-mtc.com\/wp-content\/uploads\/2020\/10\/IMG_2828.jpg?resize=1536%2C563&amp;ssl=1 1536w, https:\/\/i0.wp.com\/villette-mtc.com\/wp-content\/uploads\/2020\/10\/IMG_2828.jpg?w=2000&amp;ssl=1 2000w\" sizes=\"auto, (max-width: 1000px) 100vw, 1000px\" \/><figcaption class=\"wp-element-caption\">rides du front, apr\u00e8s 3 s\u00e9ances<\/figcaption><\/figure>\n<\/div>\n\n\n<p><\/p>\n\n\n<div class=\"wp-block-image\">\n<figure class=\"aligncenter size-large is-resized\"><img data-recalc-dims=\"1\" loading=\"lazy\" decoding=\"async\" width=\"1024\" height=\"1024\" src=\"https:\/\/i0.wp.com\/villette-mtc.com\/wp-content\/uploads\/2021\/03\/IMG_4679.jpg?resize=1024%2C1024&#038;ssl=1\" alt=\"\" class=\"wp-image-556\" style=\"width:492px;height:auto\" srcset=\"https:\/\/i0.wp.com\/villette-mtc.com\/wp-content\/uploads\/2021\/03\/IMG_4679.jpg?resize=1024%2C1024&amp;ssl=1 1024w, https:\/\/i0.wp.com\/villette-mtc.com\/wp-content\/uploads\/2021\/03\/IMG_4679.jpg?resize=300%2C300&amp;ssl=1 300w, https:\/\/i0.wp.com\/villette-mtc.com\/wp-content\/uploads\/2021\/03\/IMG_4679.jpg?resize=150%2C150&amp;ssl=1 150w, https:\/\/i0.wp.com\/villette-mtc.com\/wp-content\/uploads\/2021\/03\/IMG_4679.jpg?resize=768%2C768&amp;ssl=1 768w, https:\/\/i0.wp.com\/villette-mtc.com\/wp-content\/uploads\/2021\/03\/IMG_4679.jpg?resize=1536%2C1536&amp;ssl=1 1536w, https:\/\/i0.wp.com\/villette-mtc.com\/wp-content\/uploads\/2021\/03\/IMG_4679.jpg?w=2000&amp;ssl=1 2000w\" sizes=\"auto, (max-width: 1000px) 100vw, 1000px\" \/><figcaption class=\"wp-element-caption\">Rides joue et affaissement des joues apr\u00e8s 4 s\u00e9ances<\/figcaption><\/figure>\n<\/div>\n\n\n<p><\/p>\n\n\n<div class=\"wp-block-image\">\n<figure class=\"aligncenter size-large is-resized\"><img data-recalc-dims=\"1\" loading=\"lazy\" decoding=\"async\" width=\"1024\" height=\"1024\" src=\"https:\/\/i0.wp.com\/villette-mtc.com\/wp-content\/uploads\/2021\/12\/img_6570-1.jpg?resize=1024%2C1024&#038;ssl=1\" alt=\"\" class=\"wp-image-682\" style=\"width:488px;height:auto\" srcset=\"https:\/\/i0.wp.com\/villette-mtc.com\/wp-content\/uploads\/2021\/12\/img_6570-1.jpg?resize=1024%2C1024&amp;ssl=1 1024w, https:\/\/i0.wp.com\/villette-mtc.com\/wp-content\/uploads\/2021\/12\/img_6570-1.jpg?resize=300%2C300&amp;ssl=1 300w, https:\/\/i0.wp.com\/villette-mtc.com\/wp-content\/uploads\/2021\/12\/img_6570-1.jpg?resize=150%2C150&amp;ssl=1 150w, https:\/\/i0.wp.com\/villette-mtc.com\/wp-content\/uploads\/2021\/12\/img_6570-1.jpg?resize=768%2C768&amp;ssl=1 768w, https:\/\/i0.wp.com\/villette-mtc.com\/wp-content\/uploads\/2021\/12\/img_6570-1.jpg?resize=1536%2C1536&amp;ssl=1 1536w, https:\/\/i0.wp.com\/villette-mtc.com\/wp-content\/uploads\/2021\/12\/img_6570-1.jpg?w=2000&amp;ssl=1 2000w\" sizes=\"auto, (max-width: 1000px) 100vw, 1000px\" \/><figcaption class=\"wp-element-caption\">rides de la patte d&rsquo;oie apr\u00e8s 2 s\u00e9ances<\/figcaption><\/figure>\n<\/div>\n\n\n<p><\/p>\n","protected":false},"excerpt":{"rendered":"<p>A partir de Mai 2018, je vous propose une sp\u00e9cialit\u00e9 en Esth\u00e9tique. Comment fonctionne l&rsquo;esth\u00e9tique en m\u00e9decine chinoise ? Elle consiste \u00e0 r\u00e9\u00e9quilibrer les \u00e9nergies, \u00e0 tonifier certaines zones du visage par exemple,ou \u00e0 disperser les graisses. Quelques indications \u00e0 cette pratique : ESTHETIQUE VISAGE (2H) &#8211; Lifting Visage, rides, marques d&rsquo;expressions, taches, cicatrices d&rsquo;acn\u00e9&#8230;<\/p>\n","protected":false},"author":2,"featured_media":0,"parent":280,"menu_order":1,"comment_status":"closed","ping_status":"closed","template":"","meta":{"jetpack_post_was_ever_published":false,"footnotes":""},"class_list":["post-284","page","type-page","status-publish","hentry"],"jetpack_sharing_enabled":true,"jetpack_shortlink":"https:\/\/wp.me\/P8NyOD-4A","_links":{"self":[{"href":"https:\/\/villette-mtc.com\/index.php\/wp-json\/wp\/v2\/pages\/284","targetHints":{"allow":["GET"]}}],"collection":[{"href":"https:\/\/villette-mtc.com\/index.php\/wp-json\/wp\/v2\/pages"}],"about":[{"href":"https:\/\/villette-mtc.com\/index.php\/wp-json\/wp\/v2\/types\/page"}],"author":[{"embeddable":true,"href":"https:\/\/villette-mtc.com\/index.php\/wp-json\/wp\/v2\/users\/2"}],"replies":[{"embeddable":true,"href":"https:\/\/villette-mtc.com\/index.php\/wp-json\/wp\/v2\/comments?post=284"}],"version-history":[{"count":16,"href":"https:\/\/villette-mtc.com\/index.php\/wp-json\/wp\/v2\/pages\/284\/revisions"}],"predecessor-version":[{"id":1034,"href":"https:\/\/villette-mtc.com\/index.php\/wp-json\/wp\/v2\/pages\/284\/revisions\/1034"}],"up":[{"embeddable":true,"href":"https:\/\/villette-mtc.com\/index.php\/wp-json\/wp\/v2\/pages\/280"}],"wp:attachment":[{"href":"https:\/\/villette-mtc.com\/index.php\/wp-json\/wp\/v2\/media?parent=284"}],"curies":[{"name":"wp","href":"https:\/\/api.w.org\/{rel}","templated":true}]}}