{"id":34,"date":"2017-05-19T17:51:13","date_gmt":"2017-05-19T16:51:13","guid":{"rendered":"http:\/\/villette-mtc.com\/?page_id=34"},"modified":"2023-11-30T16:41:08","modified_gmt":"2023-11-30T15:41:08","slug":"ma-pratique","status":"publish","type":"page","link":"https:\/\/villette-mtc.com\/index.php\/ma-pratique\/","title":{"rendered":"Mon parcours"},"content":{"rendered":"<p><strong>Je suis titulaire du Dipl\u00f4me de Masseur-Kin\u00e9sith\u00e9rapeute depuis 2011<\/strong>, mais je voulais en savoir plus, sur les connections du corps, de l\u2019esprit, et des \u00e9motions.<br \/>\nCette vision globale de l\u2019\u00eatre humain m\u2019a toujours passionn\u00e9e.<br \/>\nC\u2019est pourquoi<strong> je me suis tourn\u00e9e vers la M\u00e9decine Traditionnelle Chinoise tr\u00e8s rapidement<\/strong>.<\/p>\n<p>J\u2019ai suivi le cursus de 5 ans \u00e0 la FLETC, o\u00f9 j\u2019ai appris l\u2019<a href=\"http:\/\/villette-mtc.com\/index.php\/acupuncture\/\" target=\"_blank\" rel=\"noopener noreferrer\">acupuncture<\/a>, le <a href=\"http:\/\/villette-mtc.com\/index.php\/tuina\/\" target=\"_blank\" rel=\"noopener noreferrer\">tuina<\/a>, la <a href=\"http:\/\/villette-mtc.com\/index.php\/pharmacopee\/\" target=\"_blank\" rel=\"noopener noreferrer\">pharmacop\u00e9e chinoise<\/a>, et les bases de <a href=\"http:\/\/villette-mtc.com\/index.php\/dietetique\/\" target=\"_blank\" rel=\"noopener noreferrer\">di\u00e9t\u00e9tique chinoise<\/a>.<\/p>\n<p>J\u2019ai aussi effectu\u00e9 <strong>plusieurs stages en Chine<\/strong> o\u00f9 j\u2019ai pu approfondir mes connaissances, ainsi que d\u00e9couvrir la m\u00e9decine tao\u00efste, et le Qi Gong.<br \/>\nD\u00e8s qu\u2019il m\u2019est possible, je tente d\u2019y retourner chaque ann\u00e9e.<\/p>\n<p>Gr\u00e2ce \u00e0 tout ce cursus, j\u2019ai pu obtenir mes dipl\u00f4mes :<br \/>\n<strong>\u2022 de l\u2019\u00e9cole<em> (FLETC &#8211; Reconnu WFAS World Federation <a href=\"https:\/\/villette-mtc.com\/index.php\/acupuncture\/\">Acupuncture<\/a> Society)<\/em><\/strong><br \/>\n<strong> \u2022 National <em>(DNMTC &#8211; Dipl\u00f4me National de M\u00e9decine Traditionnelle Chinoise)<\/em><\/strong><br \/>\n<strong> \u2022 International <em>(WFAS &#8211; World Federation Acupuncture Society)<\/em><\/strong><\/p>\n<p>Actuellement, <strong>je suis membre de la FNMTC <em>(F\u00e9d\u00e9ration Nationale de M\u00e9decine Traditionnelle Chinoise).<\/em><\/strong><\/p>\n<p>Par le biais de la Kin\u00e9sith\u00e9rapie, j\u2019ai \u00e9galement pu me former aux <a href=\"http:\/\/villette-mtc.com\/index.php\/tuina\/\" target=\"_blank\" rel=\"noopener noreferrer\">techniques visc\u00e9rales<\/a>, que j\u2019utilise au quotidien, ainsi qu\u2019au K-Taping, Crochetage, et <strong><a href=\"http:\/\/villette-mtc.com\/index.php\/mes-specialisations\/dry-needling\/\" target=\"_blank\" rel=\"noopener noreferrer\">Dry Needling<\/a><\/strong> (Puncture Kin\u00e9sith\u00e9rapique)<\/p>\n<p>Je continue \u00e0 me former tous les ans, pour apprendre de nouvelles techniques, ou approfondir les connaissances des textes anciens.<\/p>\n<p>J&rsquo;ai ainsi pu me former en Visceral, Hom\u00e9opathie, <a href=\"https:\/\/villette-mtc.com\/index.php\/mes-specialisations\/tuina-femme-enceinte\/\">Femme enceinte<\/a>, soins <a href=\"https:\/\/villette-mtc.com\/index.php\/mes-specialisations\/massage-pediatrique-xiao-tuina\/\">sino-japonais pour enfant<\/a>, craniopuncture et m\u00e9thode de Ma\u00eetre Tung entre autres.<\/p>\n<p>Le cabinet se situe \u00e0 Phalempin : 20 min de LILLE, 20 min de LENS, 30 min de DOUAI.<\/p>\n<figure id=\"attachment_320\" aria-describedby=\"caption-attachment-320\" style=\"width: 300px\" class=\"wp-caption aligncenter\"><img data-recalc-dims=\"1\" loading=\"lazy\" decoding=\"async\" class=\"size-medium wp-image-320\" src=\"https:\/\/i0.wp.com\/villette-mtc.com\/wp-content\/uploads\/2018\/07\/10407592_10152443541686763_3920510298184366288_n-300x225.jpg?resize=300%2C225\" alt=\"\" width=\"300\" height=\"225\" srcset=\"https:\/\/i0.wp.com\/villette-mtc.com\/wp-content\/uploads\/2018\/07\/10407592_10152443541686763_3920510298184366288_n.jpg?resize=300%2C225&amp;ssl=1 300w, https:\/\/i0.wp.com\/villette-mtc.com\/wp-content\/uploads\/2018\/07\/10407592_10152443541686763_3920510298184366288_n.jpg?resize=768%2C576&amp;ssl=1 768w, https:\/\/i0.wp.com\/villette-mtc.com\/wp-content\/uploads\/2018\/07\/10407592_10152443541686763_3920510298184366288_n.jpg?w=960&amp;ssl=1 960w\" sizes=\"auto, (max-width: 300px) 100vw, 300px\" \/><figcaption id=\"caption-attachment-320\" class=\"wp-caption-text\">Remise de dipl\u00f4me \u00e0 P\u00e9kin, accompagn\u00e9 du directeur de la FLETC, et de la pr\u00e9sidente de la f\u00e9d\u00e9ration de m\u00e9decine chinoise \u00e0 P\u00e9kin<\/figcaption><\/figure>\n","protected":false},"excerpt":{"rendered":"<p>Je suis titulaire du Dipl\u00f4me de Masseur-Kin\u00e9sith\u00e9rapeute depuis 2011, mais je voulais en savoir plus, sur les connections du corps, de l\u2019esprit, et des \u00e9motions. Cette vision globale de l\u2019\u00eatre humain m\u2019a toujours passionn\u00e9e. C\u2019est pourquoi je me suis tourn\u00e9e vers la M\u00e9decine Traditionnelle Chinoise tr\u00e8s rapidement. J\u2019ai suivi le cursus de 5 ans \u00e0&#8230;<\/p>\n","protected":false},"author":2,"featured_media":56,"parent":0,"menu_order":0,"comment_status":"closed","ping_status":"closed","template":"","meta":{"jetpack_post_was_ever_published":false,"footnotes":""},"class_list":["post-34","page","type-page","status-publish","has-post-thumbnail","hentry"],"jetpack_sharing_enabled":true,"jetpack_shortlink":"https:\/\/wp.me\/P8NyOD-y","_links":{"self":[{"href":"https:\/\/villette-mtc.com\/index.php\/wp-json\/wp\/v2\/pages\/34","targetHints":{"allow":["GET"]}}],"collection":[{"href":"https:\/\/villette-mtc.com\/index.php\/wp-json\/wp\/v2\/pages"}],"about":[{"href":"https:\/\/villette-mtc.com\/index.php\/wp-json\/wp\/v2\/types\/page"}],"author":[{"embeddable":true,"href":"https:\/\/villette-mtc.com\/index.php\/wp-json\/wp\/v2\/users\/2"}],"replies":[{"embeddable":true,"href":"https:\/\/villette-mtc.com\/index.php\/wp-json\/wp\/v2\/comments?post=34"}],"version-history":[{"count":22,"href":"https:\/\/villette-mtc.com\/index.php\/wp-json\/wp\/v2\/pages\/34\/revisions"}],"predecessor-version":[{"id":978,"href":"https:\/\/villette-mtc.com\/index.php\/wp-json\/wp\/v2\/pages\/34\/revisions\/978"}],"wp:featuredmedia":[{"embeddable":true,"href":"https:\/\/villette-mtc.com\/index.php\/wp-json\/wp\/v2\/media\/56"}],"wp:attachment":[{"href":"https:\/\/villette-mtc.com\/index.php\/wp-json\/wp\/v2\/media?parent=34"}],"curies":[{"name":"wp","href":"https:\/\/api.w.org\/{rel}","templated":true}]}}