{"id":363,"date":"2019-02-15T15:31:53","date_gmt":"2019-02-15T14:31:53","guid":{"rendered":"http:\/\/villette-mtc.com\/?page_id=363"},"modified":"2023-11-23T14:33:06","modified_gmt":"2023-11-23T13:33:06","slug":"dry-needling","status":"publish","type":"page","link":"https:\/\/villette-mtc.com\/index.php\/mes-specialisations\/dry-needling\/","title":{"rendered":"Dry Needling"},"content":{"rendered":"\n<figure class=\"wp-block-image is-resized\"><img data-recalc-dims=\"1\" decoding=\"async\" src=\"https:\/\/i0.wp.com\/villette-mtc.com\/wp-content\/uploads\/2019\/02\/Dry-Needling-img.jpg\" alt=\"\" class=\"wp-image-361\" style=\"width:433px;height:451px\"\/><figcaption class=\"wp-element-caption\">Dry Needling sur le muscle Grand Rond de l&rsquo;\u00e9paule<\/figcaption><\/figure>\n\n\n\n<p>Le Dry Needling (puncture s\u00e8che kin\u00e9sith\u00e9rapique) consiste \u00e0 travailler la fibre musculaire douloureuse avec une aiguille, sur ce qu&rsquo;on appelle des Trigger Points. <\/p>\n\n\n\n<p>Le Dry Needling est autoris\u00e9 pour les Masseurs-Kin\u00e9sith\u00e9rapeutes selon <a href=\"http:\/\/www.ordremk.fr\/wp-content\/uploads\/2017\/05\/avis-cno-n2017-02-_-cno-14-et-15-juin-2017-relatif-a-la-pratique-de-la-poncture-seche.pdf\">l&rsquo;avis du Conseil de l&rsquo;Ordre 2015-02<\/a><\/p>\n\n\n\n<p>Id\u00e9al pour les douleurs musculaires, ou articulaires. Souvent utilis\u00e9 chez les sportifs de haut niveau, il est aussi tr\u00e8s utile pour les patients algiques, car permet une d\u00e9contraction musculaire imm\u00e9diate.<\/p>\n\n\n\n<p>Il diff\u00e8re de la pratique de l&rsquo;acupuncture car le dry needling travaille uniquement sur la fibre musculaire. Il se base sur des notions anatomiques et biom\u00e9caniques. <br><br>L&rsquo;acupuncture vient se baser sur des th\u00e9ories \u00e9nerg\u00e9tiques ancestrales, et consiste \u00e0 travailler l&rsquo;\u00e9nergie du patient (le Qi) , sur les points des m\u00e9ridiens en grande partie.<\/p>\n","protected":false},"excerpt":{"rendered":"<p>Le Dry Needling (puncture s\u00e8che kin\u00e9sith\u00e9rapique) consiste \u00e0 travailler la fibre musculaire douloureuse avec une aiguille, sur ce qu&rsquo;on appelle des Trigger Points. Le Dry Needling est autoris\u00e9 pour les Masseurs-Kin\u00e9sith\u00e9rapeutes selon l&rsquo;avis du Conseil de l&rsquo;Ordre 2015-02 Id\u00e9al pour les douleurs musculaires, ou articulaires. Souvent utilis\u00e9 chez les sportifs de haut niveau, il est&#8230;<\/p>\n","protected":false},"author":2,"featured_media":0,"parent":280,"menu_order":4,"comment_status":"closed","ping_status":"closed","template":"","meta":{"jetpack_post_was_ever_published":false,"footnotes":""},"class_list":["post-363","page","type-page","status-publish","hentry"],"jetpack_sharing_enabled":true,"jetpack_shortlink":"https:\/\/wp.me\/P8NyOD-5R","_links":{"self":[{"href":"https:\/\/villette-mtc.com\/index.php\/wp-json\/wp\/v2\/pages\/363","targetHints":{"allow":["GET"]}}],"collection":[{"href":"https:\/\/villette-mtc.com\/index.php\/wp-json\/wp\/v2\/pages"}],"about":[{"href":"https:\/\/villette-mtc.com\/index.php\/wp-json\/wp\/v2\/types\/page"}],"author":[{"embeddable":true,"href":"https:\/\/villette-mtc.com\/index.php\/wp-json\/wp\/v2\/users\/2"}],"replies":[{"embeddable":true,"href":"https:\/\/villette-mtc.com\/index.php\/wp-json\/wp\/v2\/comments?post=363"}],"version-history":[{"count":3,"href":"https:\/\/villette-mtc.com\/index.php\/wp-json\/wp\/v2\/pages\/363\/revisions"}],"predecessor-version":[{"id":955,"href":"https:\/\/villette-mtc.com\/index.php\/wp-json\/wp\/v2\/pages\/363\/revisions\/955"}],"up":[{"embeddable":true,"href":"https:\/\/villette-mtc.com\/index.php\/wp-json\/wp\/v2\/pages\/280"}],"wp:attachment":[{"href":"https:\/\/villette-mtc.com\/index.php\/wp-json\/wp\/v2\/media?parent=363"}],"curies":[{"name":"wp","href":"https:\/\/api.w.org\/{rel}","templated":true}]}}