{"id":46,"date":"2017-05-19T17:02:23","date_gmt":"2017-05-19T16:02:23","guid":{"rendered":"http:\/\/villette-mtc.com\/?page_id=46"},"modified":"2025-10-27T19:07:38","modified_gmt":"2025-10-27T18:07:38","slug":"contact","status":"publish","type":"page","link":"https:\/\/villette-mtc.com\/index.php\/contact\/","title":{"rendered":"Prendre RDV \/ Infos"},"content":{"rendered":"<p><strong>Pour prendre RDV, veuillez cliquer sur le bouton ci-dessous :<\/strong><\/p>\n<p><strong>ou sur le site <a href=\"https:\/\/www.clicrdv.com\/anais-villette\">https:\/\/www.clicrdv.com\/anais-villette<\/a><\/strong><\/p>\n<p><strong>ou flashez ce QR Code :<\/strong><\/p>\n<p><img data-recalc-dims=\"1\" loading=\"lazy\" decoding=\"async\" class=\"alignnone size-full wp-image-884\" src=\"https:\/\/i0.wp.com\/villette-mtc.com\/wp-content\/uploads\/2023\/03\/QR-Code-site-internet.gif?resize=205%2C205&#038;ssl=1\" alt=\"\" width=\"205\" height=\"205\" \/><\/p>\n<div id=\"yui_3_9_1_3_1588418422856_1914\" class=\"template-text\">\n<p><span style=\"color: #800000;\"><strong>Recommandations pour votre s\u00e9ance :<\/strong><\/span><\/p>\n<ul>\n<li><span style=\"color: #800000;\"><strong>Ramenez une grande serviette propre<\/strong><\/span><br \/><span style=\"color: #800000;\"><strong>Ramenez votre propre stylo si vous payez par ch\u00e8que<\/strong><\/span><\/li>\n<li><span style=\"color: #800000;\"><strong>Venez \u00e0 l&rsquo;heure indiqu\u00e9e,<\/strong><\/span><br \/><span style=\"color: #800000;\"><strong>pas \u00e0 l&rsquo;a<span style=\"color: #800000;\">vance pour \u00e9viter<\/span> toute attente et encombrement dans la salle d&rsquo;attente.<\/strong><\/span><\/li>\n<li><span style=\"color: #800000;\"><strong>J&rsquo;accepte \u00e9videmment toutes personnes, quelles qu&rsquo;elles soient dans leur \u00e9tat de sant\u00e9<\/strong><\/span>.<\/li>\n<li><span style=\"color: #800000;\"><strong>MERCI DE NOTER LE NOM PRENOM ET AGE DE L&rsquo;ENFANT LORS DE LA PRISE DE RDV<\/strong><\/span><\/li>\n<\/ul>\n<\/div>\n<p><span style=\"color: #0000ff;\"><strong>Informations Utiles<\/strong><\/span><\/p>\n<ul>\n<li><strong>Tarif 1 S\u00e9ance : 65\u20ac<\/strong><\/li>\n<li><strong>Tarif 1 S\u00e9ance Enfant SinoJaponais : 65\u20ac<br \/><\/strong>(notez le\u00a0 nom prenom age de l&rsquo;enfant lors de la prise de rdv)<\/li>\n<li><strong>Tarif <a href=\"https:\/\/villette-mtc.com\/index.php\/les-outils-de-la-medecine-chinoise\/san-fu-tie\/\">San Fu Tie<\/a> 1 s\u00e9ance : 30\u20ac <\/strong>(<a href=\"https:\/\/villette-mtc.com\/index.php\/2020\/03\/16\/comment-developper-ses-defenses-immunitaires\/\">pr\u00e9vention hivernale<\/a> en \u00e9t\u00e9)<\/li>\n<li><em>Les s\u00e9ances d&rsquo;esth\u00e9tique ne sont plus propos\u00e9es<\/em><\/li>\n<\/ul>\n<p><strong>Dur\u00e9e de la s\u00e9ance : 1H (30 min pour les san fu tie)<br \/><\/strong><\/p>\n<p><strong>Non rembours\u00e9 par la s\u00e9curit\u00e9 sociale,<br \/>Certaines mutuelles prennent en charge une partie ou l&rsquo;int\u00e9gralit\u00e9 des remboursements.<\/strong><br \/><strong>Membre d&rsquo;une association agr\u00e9\u00e9e, le r\u00e8glement par ch\u00e8que est accept\u00e9<\/strong><br \/><strong>MERCI DE PREVENIR SI EMPECHEMENT AU MINIMUM 48h A L&rsquo;AVANCE<\/strong><\/p>\n<p><strong>Formations suppl\u00e9mentaires en<br \/>Esth\u00e9tique, Massage enfant Sino-Japonais, Dry Needling, Hom\u00e9opathie, M\u00e9thode Tung, Moxibustion japonaise, Kinseikyu (r\u00e9\u00e9quilibrage postural \u00e0 l&rsquo;aide du <a href=\"https:\/\/villette-mtc.com\/index.php\/acupuncture\/\">moxa<\/a>) <a href=\"https:\/\/villette-mtc.com\/index.php\/mes-specialisations\/tuina-femme-enceinte\/\">Femme enceinte<\/a> et projet b\u00e9b\u00e9.<br \/><\/strong><\/p>\n<hr \/>\n<p><strong><br \/><span style=\"color: #0000ff;\">Adresse<\/span><\/strong><\/p>\n<p><em>Centre Aqua Kin\u00e9 Sant\u00e9<\/em><\/p>\n<p>1 bis rue du Capitaine Gaston Jasmin<br \/>59133 Phalempin<\/p>\n<p>06 15 74 13 25<\/p>\n<p>En face de l&rsquo;\u00e9glise.<br \/><strong>PARKING<\/strong> : Place GOGET<\/p>\n<p>Le cabinet se situe \u00e0 Phalempin : 20 min de <a href=\"https:\/\/villette-mtc.com\/\">LILLE<\/a>, 20 min de LENS, 30 min de DOUAI.<\/p>\n<hr \/>\n<p><strong><br \/><span style=\"color: #0000ff;\">Comment s&rsquo;y rendre ?<\/span><\/strong><\/p>\n<ul>\n<li>Voiture : autoroute A1, <em>Sortie SECLIN<\/em>, 25 min de Lille, Douai et Lens<\/li>\n<li>TER : Gare de Phalempin \u00e0 5 min \u00e0 pied<\/li>\n<li>BUS : R\u00e9seau ArcEnCiel : <em>arr\u00eat Mairie, <\/em>Lignes 202, 229, 230, 233, 250<\/li>\n<li>A cheval : Centre \u00e9questre \u00e0 10 min \u00e0 pied ! (on ne sait jamais)<\/li>\n<\/ul>\n<hr \/>\n<p><strong>MERCI DE LIRE CE SITE INTERNET AVANT DE ME CONTACTER<\/strong><\/p>\n<p><em>Vous y trouverez s\u00fbrement les r\u00e9ponses \u00e0 vos questions<\/em><\/p>\n<p><strong><span style=\"color: #0000ff;\">Me Contacter<\/span><\/strong>\n<div class=\"wpcf7 no-js\" id=\"wpcf7-f189-o1\" lang=\"fr-FR\" dir=\"ltr\" data-wpcf7-id=\"189\">\n<div class=\"screen-reader-response\"><p role=\"status\" aria-live=\"polite\" aria-atomic=\"true\"><\/p> <ul><\/ul><\/div>\n<form action=\"\/index.php\/wp-json\/wp\/v2\/pages\/46#wpcf7-f189-o1\" method=\"post\" class=\"wpcf7-form init\" aria-label=\"Formulaire de contact\" novalidate=\"novalidate\" data-status=\"init\">\n<fieldset class=\"hidden-fields-container\"><input type=\"hidden\" name=\"_wpcf7\" value=\"189\" \/><input type=\"hidden\" name=\"_wpcf7_version\" value=\"6.1.4\" \/><input type=\"hidden\" name=\"_wpcf7_locale\" value=\"fr_FR\" \/><input type=\"hidden\" name=\"_wpcf7_unit_tag\" value=\"wpcf7-f189-o1\" \/><input type=\"hidden\" name=\"_wpcf7_container_post\" value=\"0\" \/><input type=\"hidden\" name=\"_wpcf7_posted_data_hash\" value=\"\" \/>\n<\/fieldset>\n<p><label> Votre nom (obligatoire)<br \/>\n<span class=\"wpcf7-form-control-wrap\" data-name=\"your-name\"><input size=\"40\" maxlength=\"400\" class=\"wpcf7-form-control wpcf7-text wpcf7-validates-as-required\" aria-required=\"true\" aria-invalid=\"false\" value=\"\" type=\"text\" name=\"your-name\" \/><\/span> <\/label>\n<\/p>\n<p><label> Votre e-mail (obligatoire)<br \/>\n<span class=\"wpcf7-form-control-wrap\" data-name=\"your-email\"><input size=\"40\" maxlength=\"400\" class=\"wpcf7-form-control wpcf7-email wpcf7-validates-as-required wpcf7-text wpcf7-validates-as-email\" aria-required=\"true\" aria-invalid=\"false\" value=\"\" type=\"email\" name=\"your-email\" \/><\/span> <\/label>\n<\/p>\n<p><label> Sujet<br \/>\n<span class=\"wpcf7-form-control-wrap\" data-name=\"your-subject\"><input size=\"40\" maxlength=\"400\" class=\"wpcf7-form-control wpcf7-text\" aria-invalid=\"false\" value=\"\" type=\"text\" name=\"your-subject\" \/><\/span> <\/label>\n<\/p>\n<p><label> Votre message<br \/>\n<span class=\"wpcf7-form-control-wrap\" data-name=\"your-message\"><textarea cols=\"40\" rows=\"10\" maxlength=\"2000\" class=\"wpcf7-form-control wpcf7-textarea\" aria-invalid=\"false\" name=\"your-message\"><\/textarea><\/span> <\/label>\n<\/p>\n<p><div id=\"cf7sr-69e164690f2a4\" class=\"cf7sr-g-recaptcha\" data-theme=\"light\" data-type=\"image\" data-size=\"normal\" data-sitekey=\"6LeSG-shAAAAANkhYaOmIwzt-zE1za7Z3o0dvKD3\"><\/div><span class=\"wpcf7-form-control-wrap cf7sr-recaptcha\" data-name=\"cf7sr-recaptcha\"><input type=\"hidden\" name=\"cf7sr-recaptcha\" value=\"\" class=\"wpcf7-form-control\"><\/span>\n<\/p>\n<p><input class=\"wpcf7-form-control wpcf7-submit has-spinner\" type=\"submit\" value=\"Envoyer\" \/>\n<\/p><p style=\"display: none !important;\" class=\"akismet-fields-container\" data-prefix=\"_wpcf7_ak_\"><label>&#916;<textarea name=\"_wpcf7_ak_hp_textarea\" cols=\"45\" rows=\"8\" maxlength=\"100\"><\/textarea><\/label><input type=\"hidden\" id=\"ak_js_1\" name=\"_wpcf7_ak_js\" value=\"43\"\/><script data-jetpack-boost=\"ignore\">document.getElementById( \"ak_js_1\" ).setAttribute( \"value\", ( new Date() ).getTime() );<\/script><\/p><div class=\"wpcf7-response-output\" aria-hidden=\"true\"><\/div>\n<\/form>\n<\/div>\n<\/p>\n\n\n<pre class=\"wp-block-code\"><code><\/code><\/pre>\n\n\n\n<pre class=\"wp-block-code\"><code><\/code><\/pre>\n\n\n\n<pre class=\"wp-block-code\"><code><\/code><\/pre>\n\n\n\n<pre class=\"wp-block-code\"><code><\/code><\/pre>\n\n\n\n<pre class=\"wp-block-code\"><code><\/code><\/pre>\n","protected":false},"excerpt":{"rendered":"<p>Pour prendre RDV, veuillez cliquer sur le bouton ci-dessous : ou sur le site https:\/\/www.clicrdv.com\/anais-villette ou flashez ce QR Code : Recommandations pour votre s\u00e9ance : Ramenez une grande serviette propreRamenez votre propre stylo si vous payez par ch\u00e8que Venez \u00e0 l&rsquo;heure indiqu\u00e9e,pas \u00e0 l&rsquo;avance pour \u00e9viter toute attente et encombrement dans la salle d&rsquo;attente&#8230;.<\/p>\n","protected":false},"author":2,"featured_media":0,"parent":0,"menu_order":0,"comment_status":"closed","ping_status":"closed","template":"","meta":{"jetpack_post_was_ever_published":false,"footnotes":""},"class_list":["post-46","page","type-page","status-publish","hentry"],"jetpack_sharing_enabled":true,"jetpack_shortlink":"https:\/\/wp.me\/P8NyOD-K","_links":{"self":[{"href":"https:\/\/villette-mtc.com\/index.php\/wp-json\/wp\/v2\/pages\/46","targetHints":{"allow":["GET"]}}],"collection":[{"href":"https:\/\/villette-mtc.com\/index.php\/wp-json\/wp\/v2\/pages"}],"about":[{"href":"https:\/\/villette-mtc.com\/index.php\/wp-json\/wp\/v2\/types\/page"}],"author":[{"embeddable":true,"href":"https:\/\/villette-mtc.com\/index.php\/wp-json\/wp\/v2\/users\/2"}],"replies":[{"embeddable":true,"href":"https:\/\/villette-mtc.com\/index.php\/wp-json\/wp\/v2\/comments?post=46"}],"version-history":[{"count":55,"href":"https:\/\/villette-mtc.com\/index.php\/wp-json\/wp\/v2\/pages\/46\/revisions"}],"predecessor-version":[{"id":1135,"href":"https:\/\/villette-mtc.com\/index.php\/wp-json\/wp\/v2\/pages\/46\/revisions\/1135"}],"wp:attachment":[{"href":"https:\/\/villette-mtc.com\/index.php\/wp-json\/wp\/v2\/media?parent=46"}],"curies":[{"name":"wp","href":"https:\/\/api.w.org\/{rel}","templated":true}]}}