{"id":574,"date":"2021-05-06T15:47:48","date_gmt":"2021-05-06T13:47:48","guid":{"rendered":"https:\/\/villette-mtc.com\/?page_id=574"},"modified":"2025-10-27T18:30:52","modified_gmt":"2025-10-27T17:30:52","slug":"tuina-femme-enceinte","status":"publish","type":"page","link":"https:\/\/villette-mtc.com\/index.php\/mes-specialisations\/tuina-femme-enceinte\/","title":{"rendered":"Tuina Femme Enceinte"},"content":{"rendered":"\n<p><\/p>\n\n\n\n<p>Je vous propose un suivi durant les grossesses,<br>\u00e0 travers des <strong>massages <a href=\"https:\/\/villette-mtc.com\/index.php\/contact\/\">Tuina<\/a><\/strong> notamment.<br><br><strong>Objectif <\/strong><br><br>L&rsquo;objectif est le confort de la maman, mais aussi du b\u00e9b\u00e9.<br>Des tensions du dos, des naus\u00e9es, du stress..<br>Qui en voudrait lors de sa grossesse ?<br>Tout ces petit (ou grand) maux peuvent \u00eatre pris en charge ais\u00e9ment en <a href=\"https:\/\/villette-mtc.com\/index.php\/acupuncture\/\">m\u00e9decine chinoise<\/a>.<br><br>Au fur et \u00e0 mesure que la grossesse avance, <br>B\u00e9b\u00e9 prend de plus en plus de place.<br>Il cr\u00e9e donc des tensions sur toutes les structures ligamentaires, musculaires, tendineuses chez maman.<br>Il est important de venir d\u00e9tendre ces tissus pour : <br>Ne pas provoquer de douleurs chez la maman<br>Laisser de la place pour le d\u00e9veloppement de b\u00e9b\u00e9.<br><br>En effet, un b\u00e9b\u00e9 qui est comprim\u00e9 dans un ventre tendu, <br>n&rsquo;aura pas tous les nutriments n\u00e9c\u00e9ssaires pour son bon d\u00e9veloppement,<br>et la maman risque d&rsquo;avoir une grossesse \/ accouchement douloureux.<br>Cela aura \u00e9galement pour objectif de pr\u00e9venir les torticolis cong\u00e9nitaux, les plagioc\u00e9phalies, et autres probl\u00e8mes posturaux de l&rsquo;enfant<br><br>Il est donc pr\u00e9f\u00e9rable de venir travailler les structures avant qu&rsquo;il ne soit trop tard :<br>D\u00e8s le 1er Trimestre.<br>Puis, un suivi 1 fois par mois permettra de d\u00e9tendre au fur et \u00e0 mesure de l&rsquo;\u00e9volution de la grossesse.<br>Si vous voulez venir plus tard, il se peut que les s\u00e9ances soient un peu plus rapproch\u00e9es.<br><br><br><strong>Pr\u00e9paration \u00e0 l&rsquo;accouchement<\/strong><br><br>Au 9e mois de grossesse, le papa s&rsquo;il souhaite s&rsquo;investir,<br>peut venir assister \u00e0 la s\u00e9ance de pr\u00e9paration \u00e0 l&rsquo;accouchement,<br>je me ferai un plaisir \u00e0 lui montrer les astuces pour soulager la maman durant le travail.<br><br><strong>Post Partum<\/strong><br><br>N&rsquo;oublions pas que l&rsquo;accouchement est une rude \u00e9preuve pour le corps (et l&rsquo;esprit)<br>qu&rsquo;il faut chouchouter apr\u00e8s cela. <br>Les s\u00e9ances Post Partum visent \u00e0 r\u00e9tablir un bon \u00e9quilibre de <a href=\"https:\/\/villette-mtc.com\/\">Qi<\/a> et de Sang pour que la maman r\u00e9cup\u00e8re <br>dans les meilleures conditions.<\/p>\n\n\n\n<p><\/p>\n\n\n\n<p><strong>Le b\u00e9b\u00e9<\/strong><br><br>Il peut \u00eatre int\u00e9ressant aussi de venir faire un check up du nouveau n\u00e9, quelques semaines apr\u00e8s la naissance.<\/p>\n\n\n\n<p><\/p>\n\n\n\n<figure class=\"wp-block-image size-large\"><img data-recalc-dims=\"1\" loading=\"lazy\" decoding=\"async\" width=\"804\" height=\"1024\" src=\"https:\/\/i0.wp.com\/villette-mtc.com\/wp-content\/uploads\/2021\/05\/img_5176.jpg?resize=804%2C1024&#038;ssl=1\" alt=\"\" class=\"wp-image-619\" srcset=\"https:\/\/i0.wp.com\/villette-mtc.com\/wp-content\/uploads\/2021\/05\/img_5176.jpg?resize=804%2C1024&amp;ssl=1 804w, https:\/\/i0.wp.com\/villette-mtc.com\/wp-content\/uploads\/2021\/05\/img_5176.jpg?resize=236%2C300&amp;ssl=1 236w, https:\/\/i0.wp.com\/villette-mtc.com\/wp-content\/uploads\/2021\/05\/img_5176.jpg?resize=768%2C978&amp;ssl=1 768w, https:\/\/i0.wp.com\/villette-mtc.com\/wp-content\/uploads\/2021\/05\/img_5176.jpg?resize=1207%2C1536&amp;ssl=1 1207w, https:\/\/i0.wp.com\/villette-mtc.com\/wp-content\/uploads\/2021\/05\/img_5176.jpg?w=1414&amp;ssl=1 1414w\" sizes=\"auto, (max-width: 804px) 100vw, 804px\" \/><figcaption class=\"wp-element-caption\">Ana\u00efs Villette praticienne en m\u00e9decine chinoise en S\u00e9ance Post Partum <\/figcaption><\/figure>\n","protected":false},"excerpt":{"rendered":"<p>Je vous propose un suivi durant les grossesses,\u00e0 travers des massages Tuina notamment. Objectif L&rsquo;objectif est le confort de la maman, mais aussi du b\u00e9b\u00e9.Des tensions du dos, des naus\u00e9es, du stress..Qui en voudrait lors de sa grossesse ?Tout ces petit (ou grand) maux peuvent \u00eatre pris en charge ais\u00e9ment en m\u00e9decine chinoise. Au fur&#8230;<\/p>\n","protected":false},"author":2,"featured_media":587,"parent":280,"menu_order":3,"comment_status":"closed","ping_status":"closed","template":"","meta":{"jetpack_post_was_ever_published":false,"footnotes":""},"class_list":["post-574","page","type-page","status-publish","has-post-thumbnail","hentry"],"jetpack_sharing_enabled":true,"jetpack_shortlink":"https:\/\/wp.me\/P8NyOD-9g","_links":{"self":[{"href":"https:\/\/villette-mtc.com\/index.php\/wp-json\/wp\/v2\/pages\/574","targetHints":{"allow":["GET"]}}],"collection":[{"href":"https:\/\/villette-mtc.com\/index.php\/wp-json\/wp\/v2\/pages"}],"about":[{"href":"https:\/\/villette-mtc.com\/index.php\/wp-json\/wp\/v2\/types\/page"}],"author":[{"embeddable":true,"href":"https:\/\/villette-mtc.com\/index.php\/wp-json\/wp\/v2\/users\/2"}],"replies":[{"embeddable":true,"href":"https:\/\/villette-mtc.com\/index.php\/wp-json\/wp\/v2\/comments?post=574"}],"version-history":[{"count":6,"href":"https:\/\/villette-mtc.com\/index.php\/wp-json\/wp\/v2\/pages\/574\/revisions"}],"predecessor-version":[{"id":1124,"href":"https:\/\/villette-mtc.com\/index.php\/wp-json\/wp\/v2\/pages\/574\/revisions\/1124"}],"up":[{"embeddable":true,"href":"https:\/\/villette-mtc.com\/index.php\/wp-json\/wp\/v2\/pages\/280"}],"wp:featuredmedia":[{"embeddable":true,"href":"https:\/\/villette-mtc.com\/index.php\/wp-json\/wp\/v2\/media\/587"}],"wp:attachment":[{"href":"https:\/\/villette-mtc.com\/index.php\/wp-json\/wp\/v2\/media?parent=574"}],"curies":[{"name":"wp","href":"https:\/\/api.w.org\/{rel}","templated":true}]}}