{"id":762,"date":"2022-06-14T13:38:06","date_gmt":"2022-06-14T11:38:06","guid":{"rendered":"https:\/\/villette-mtc.com\/?page_id=762"},"modified":"2025-10-27T18:26:49","modified_gmt":"2025-10-27T17:26:49","slug":"san-fu-tie","status":"publish","type":"page","link":"https:\/\/villette-mtc.com\/index.php\/les-outils-de-la-medecine-chinoise\/san-fu-tie\/","title":{"rendered":"SAN FU TIE, la pr\u00e9vention avant tout"},"content":{"rendered":"\n<p>Pour pr\u00e9venir les maladies hivernales, du type grippe, bronchite, ou bien m\u00eame les maladies chroniques comme rhinite allergique, asthme, il existe une m\u00e9thode tr\u00e8s connue en chine.<br>Il s&rsquo;agit du SAN FU TIE.<br>Cela correspond \u00e0 une p\u00e9riode bien d\u00e9finie, 3 jours importants en \u00e9t\u00e9, en g\u00e9n\u00e9ral en juillet et ao\u00fbt (en vrai il en existe 4, \u00ab\u00a0SAN\u00a0\u00bb voulant dire \u00ab\u00a0trois\u00a0\u00bb en chinois) Ce sont ces 3 jours \u00e0 ne pas louper !<br>Traditionnellement c&rsquo;est une application de plantes m\u00e9dicinales en p\u00e2te, sur la peau, \u00e0 laisser agir un temps d\u00e9termin\u00e9, sur des zones sp\u00e9cifiques.<br><br>En 2025 voici les dates :<\/p>\n\n\n\n<ul class=\"wp-block-list\">\n<li><strong>Dimanche, 20 juillet 2025<\/strong><\/li>\n\n\n\n<li><strong>Mercredi, 30 juillet 2025<\/strong><\/li>\n\n\n\n<li><strong>Samedi, 9 Aout 2025<\/strong><\/li>\n\n\n\n<li><strong>Mardi, 19 ao\u00fbt 2025<br><\/strong><\/li>\n<\/ul>\n\n\n\n<p>L&rsquo;id\u00e9al \u00e9tant de faire toutes les dates, on fait aussi en fonction des disponibilit\u00e9s de chacun.<br>Le cabinet proposera donc 3 dates cet \u00e9t\u00e9 2024 :<\/p>\n\n\n\n<ul class=\"wp-block-list\">\n<li><strong>Samedi, 19 juillet 2025<\/strong><\/li>\n\n\n\n<li><strong>Mercredi, 30 juillet 2025<\/strong><\/li>\n\n\n\n<li><strong>Samedi, 9 Aout 2025<\/strong><\/li>\n<\/ul>\n\n\n\n<p>RECOMMANDATIONS :<br>Attention, l&rsquo;application de la p\u00e2te de plante peut laisser quelques traces sur la peau sur une courte p\u00e9riode. Il est pr\u00e9f\u00e9rable de ne pas s&rsquo;exposer au soleil durant ce temps.<br>Si vous \u00eates fortement r\u00e9actif au soleil, merci de m&rsquo;en informer.<\/p>\n\n\n\n<blockquote class=\"wp-block-quote is-layout-flow wp-block-quote-is-layout-flow\" id=\"sanfutie-prevention\">\n<p><mark style=\"background-color:#fcb900\" class=\"has-inline-color has-black-color\"><strong>La s\u00e9ance dure 30 min et coute 30\u20ac<br>L&rsquo;id\u00e9al \u00e9tant de faire un traitement de 3 dates par \u00e9t\u00e9 sur 3 ans (donc 3 \u00e9t\u00e9s de suite)<br>Mise a jour  : PRISE DE RDV DESORMAIS POSSIBLE VIA LE SITE INTERNET<br>Dans l&rsquo;onglet \u00ab\u00a0prendre rdv\u00a0\u00bb choisissez tout simplement \u00ab\u00a0San Fu Tie<\/strong><\/mark>\u00ab\u00a0<\/p>\n<\/blockquote>\n\n\n\n<p><\/p>\n\n\n\n<p><\/p>\n\n\n\n<p><strong>Pour en savoir plus :<br><\/strong>En chine on dit traditionnellement que l&rsquo;on soigne les maladies d&rsquo;hiver en \u00e9t\u00e9, et les maladies d&rsquo;\u00e9t\u00e9 en hiver. L&rsquo;hiver nous connaissons tous les rhumes, et autres d\u00e9sagr\u00e9ments du syst\u00e8me d\u00e9fensif du corps.<br>Pour cela nous devons expulser le \u00ab\u00a0froid\u00a0\u00bb du corps accumul\u00e9 en hiver, et\/ou lors d&rsquo;une di\u00e9t\u00e9tique inappropri\u00e9e, pour ensuite renforcer le Wei <a href=\"https:\/\/villette-mtc.com\/\">Qi<\/a> (\u00e9nergie d\u00e9fensive)<br>Quoi de mieux que d&rsquo;expulser le froid lors des jours les plus <a href=\"https:\/\/villette-mtc.com\/index.php\/acupuncture\/\">yang<\/a> de l&rsquo;\u00e9t\u00e9 ? <br>Ce sont ces fameux jour San Fu Tie ! <\/p>\n\n\n\n<p><\/p>\n\n\n\n<p><strong>La Di\u00e9t\u00e9tique d&rsquo;\u00e9t\u00e9 :<br><\/strong>Vous l&rsquo;aurez compris, l&rsquo;entretien de la sant\u00e9 passe par \u00e9viter les exc\u00e8s de froid qui risquent de p\u00e9n\u00e9trer dans le corps et cr\u00e9er les maladies.<br>M\u00eame s&rsquo;il fait chaud, \u00e9viter les boissons froides sorties du frigo, certes d\u00e9salt\u00e9rantes mais endommagent \u00e0 la longue votre Wei Qi. De m\u00eame, attention aux crudit\u00e9s !<br>Si vous souhaitez malgr\u00e9 tout manger frais, ajoutez des \u00e9pices dans vos salades : Gingembre, cannelle, moutarde..<br>je ne parle m\u00eame pas des glaces, cr\u00e8mes glac\u00e9es que l&rsquo;on appr\u00e9cie tellement sur le bord de la plage.<br>(Si c&rsquo;est occasionnel, cela ne devrait pas poser de soucis. D\u00e9gustez avec un th\u00e9 \u00e9pic\u00e9)<\/p>\n\n\n\n<p><\/p>\n\n\n\n<p><strong>L&rsquo;environnement :<br><\/strong>Fuyez les climatisations qui font p\u00e9n\u00e9trer directement du froid dans le corps (le fameux rhume de climatisation) mais aussi les bains dans des lacs \u00e0 l&rsquo;eau souvent trop gel\u00e9e (surtout pour les enfants qui ne se rendent pas compte que c&rsquo;est tr\u00e8s froid, on peut m\u00eame les voir sortir de l&rsquo;eau tout bleus)<\/p>\n\n\n<div class=\"wp-block-image\">\n<figure class=\"aligncenter size-full is-resized\"><img data-recalc-dims=\"1\" loading=\"lazy\" decoding=\"async\" width=\"299\" height=\"199\" src=\"https:\/\/i0.wp.com\/villette-mtc.com\/wp-content\/uploads\/2022\/06\/moxa.jpeg?resize=299%2C199&#038;ssl=1\" alt=\"\" class=\"wp-image-764\" style=\"width:463px;height:308px\"\/><figcaption class=\"wp-element-caption\">P\u00e2te de plantes pr\u00eates \u00e0 \u00eatre appliqu\u00e9es sur la peau<br>San Fu Tie<br>Image libre de droit<\/figcaption><\/figure>\n<\/div>\n\n\n<p><\/p>\n\n\n\n<p><\/p>\n","protected":false},"excerpt":{"rendered":"<p>Pour pr\u00e9venir les maladies hivernales, du type grippe, bronchite, ou bien m\u00eame les maladies chroniques comme rhinite allergique, asthme, il existe une m\u00e9thode tr\u00e8s connue en chine.Il s&rsquo;agit du SAN FU TIE.Cela correspond \u00e0 une p\u00e9riode bien d\u00e9finie, 3 jours importants en \u00e9t\u00e9, en g\u00e9n\u00e9ral en juillet et ao\u00fbt (en vrai il en existe 4,&#8230;<\/p>\n","protected":false},"author":2,"featured_media":765,"parent":278,"menu_order":0,"comment_status":"closed","ping_status":"closed","template":"","meta":{"jetpack_post_was_ever_published":false,"footnotes":""},"class_list":["post-762","page","type-page","status-publish","has-post-thumbnail","hentry"],"jetpack_sharing_enabled":true,"jetpack_shortlink":"https:\/\/wp.me\/P8NyOD-ci","_links":{"self":[{"href":"https:\/\/villette-mtc.com\/index.php\/wp-json\/wp\/v2\/pages\/762","targetHints":{"allow":["GET"]}}],"collection":[{"href":"https:\/\/villette-mtc.com\/index.php\/wp-json\/wp\/v2\/pages"}],"about":[{"href":"https:\/\/villette-mtc.com\/index.php\/wp-json\/wp\/v2\/types\/page"}],"author":[{"embeddable":true,"href":"https:\/\/villette-mtc.com\/index.php\/wp-json\/wp\/v2\/users\/2"}],"replies":[{"embeddable":true,"href":"https:\/\/villette-mtc.com\/index.php\/wp-json\/wp\/v2\/comments?post=762"}],"version-history":[{"count":23,"href":"https:\/\/villette-mtc.com\/index.php\/wp-json\/wp\/v2\/pages\/762\/revisions"}],"predecessor-version":[{"id":1123,"href":"https:\/\/villette-mtc.com\/index.php\/wp-json\/wp\/v2\/pages\/762\/revisions\/1123"}],"up":[{"embeddable":true,"href":"https:\/\/villette-mtc.com\/index.php\/wp-json\/wp\/v2\/pages\/278"}],"wp:featuredmedia":[{"embeddable":true,"href":"https:\/\/villette-mtc.com\/index.php\/wp-json\/wp\/v2\/media\/765"}],"wp:attachment":[{"href":"https:\/\/villette-mtc.com\/index.php\/wp-json\/wp\/v2\/media?parent=762"}],"curies":[{"name":"wp","href":"https:\/\/api.w.org\/{rel}","templated":true}]}}