{"id":87,"date":"2017-06-01T16:18:49","date_gmt":"2017-06-01T14:18:49","guid":{"rendered":"http:\/\/villette-mtc.com\/?page_id=87"},"modified":"2025-10-27T18:08:47","modified_gmt":"2025-10-27T17:08:47","slug":"acupuncture","status":"publish","type":"page","link":"https:\/\/villette-mtc.com\/index.php\/acupuncture\/","title":{"rendered":"Acupuncture"},"content":{"rendered":"<h6><span style=\"text-decoration: underline;\"><strong>Acupuncture<\/strong><\/span><\/h6>\n<p><strong>Cette pratique existe depuis plus de 3000 ans en Asie.<\/strong><br \/><strong>A l\u2019origine, un chasseur s\u2019\u00e9tait pris une fl\u00e8che dans le pied, et a vu sa sant\u00e9 s\u2019am\u00e9liorer les jours suivants. Au fil du temps, les essais se sont confirm\u00e9s, et les fl\u00e8ches transform\u00e9es en aiguilles (ouf !)<\/strong><br \/><strong>La d\u00e9couverte des points et des <a href=\"https:\/\/villette-mtc.com\/index.php\/contact\/\">m\u00e9ridiens<\/a> ont vu le jour, ainsi que diff\u00e9rentes lois th\u00e9oriques.<\/strong><br \/><strong>La plus connue de tous : le <a href=\"https:\/\/villette-mtc.com\/\">Yin<\/a> et le Yang !<\/strong><br \/><strong>L\u2019acupuncture vient tonifier ou disperser certains points d\u2019\u00e9nergie, qui aura l\u2019effet de repousser le mauvais <em>(pervers externe, coup de vent, de froid, insolation..)<\/em> ou de tonifier l\u2019interne<em> (pour aider les organes \u00e0 mieux travailler par exemple)<\/em><\/strong><\/p>\n<p><strong>Le choix des points se fait lors du bilan \u00e9nerg\u00e9tique.<br \/>On peut les travailler \u00e0 la main, \u00e0 l&rsquo;aide d&rsquo;outils de stimulation.<\/strong><\/p>\n<h6><span style=\"text-decoration: underline;\"><strong>Ventouses<\/strong><\/span><\/h6>\n<p>Les ventouses sont toutes aussi anciennes que la d\u00e9couverte de l\u2019acupuncture, voire plus !<br \/>Nous rencontrons la technique des ventouses aux 4 coins du globe. Elle \u00e9tait m\u00eame utilis\u00e9e par nos grand parents.<\/p>\n<p><span style=\"text-decoration: underline;\"><strong>Le principe<\/strong><\/span> : effectuer un vide d\u2019air dans une cupule en verre <em>(ou plastique)<\/em> pour faire un effet de succion sur la peau.<\/p>\n<p>Elles sont utilis\u00e9es pour diff\u00e9rentes vertus th\u00e9rapeutiques :<br \/>antalgique, circulatoire, respiratoire, allergique, visc\u00e9rale, etc.<\/p>\n<figure id=\"attachment_327\" aria-describedby=\"caption-attachment-327\" style=\"width: 300px\" class=\"wp-caption aligncenter\"><img data-recalc-dims=\"1\" loading=\"lazy\" decoding=\"async\" class=\"wp-image-327 size-medium\" src=\"https:\/\/i0.wp.com\/villette-mtc.com\/wp-content\/uploads\/2018\/07\/20170418-Anai%CC%88s-Villette-7-1.jpg?resize=300%2C200&#038;ssl=1\" alt=\"Usage des ventouses \u00e0 flamme sur le dos\" width=\"300\" height=\"200\" srcset=\"https:\/\/i0.wp.com\/villette-mtc.com\/wp-content\/uploads\/2018\/07\/20170418-Anai%CC%88s-Villette-7-1.jpg?resize=300%2C200&amp;ssl=1 300w, https:\/\/i0.wp.com\/villette-mtc.com\/wp-content\/uploads\/2018\/07\/20170418-Anai%CC%88s-Villette-7-1.jpg?resize=768%2C513&amp;ssl=1 768w, https:\/\/i0.wp.com\/villette-mtc.com\/wp-content\/uploads\/2018\/07\/20170418-Anai%CC%88s-Villette-7-1.jpg?resize=1024%2C684&amp;ssl=1 1024w, https:\/\/i0.wp.com\/villette-mtc.com\/wp-content\/uploads\/2018\/07\/20170418-Anai%CC%88s-Villette-7-1.jpg?w=2000&amp;ssl=1 2000w, https:\/\/i0.wp.com\/villette-mtc.com\/wp-content\/uploads\/2018\/07\/20170418-Anai%CC%88s-Villette-7-1.jpg?w=3000&amp;ssl=1 3000w\" sizes=\"auto, (max-width: 300px) 100vw, 300px\" \/><figcaption id=\"caption-attachment-327\" class=\"wp-caption-text\">Ventouses<\/figcaption><\/figure>\n<h6><span style=\"text-decoration: underline;\"><strong>Moxibustion<\/strong><\/span><\/h6>\n<p>Les moxas sont des b\u00e2tonnets d\u2019armoise s\u00e9ch\u00e9e, que l\u2019on br\u00fble pour tonifier l\u2019\u00e9nergie.<\/p>\n<p><span style=\"text-decoration: underline;\"><strong>Pourquoi de l\u2019armoise ?<\/strong><\/span><br \/>Car les chinois ont d\u00e9couverts que cette plante est la meilleure pour r\u00e9chauffer l\u2019interne du corps.<br \/>Les moxas se pr\u00e9sentent sous diff\u00e9rentes formes, sur les aiguilles, en b\u00e2tonnet, en c\u00f4ne, en vrac..<br \/>Le praticien choisira s\u2019il est utile d\u2019en mettre, et comment.<\/p>\n<figure id=\"attachment_326\" aria-describedby=\"caption-attachment-326\" style=\"width: 200px\" class=\"wp-caption aligncenter\"><img data-recalc-dims=\"1\" loading=\"lazy\" decoding=\"async\" class=\"wp-image-326 size-medium\" src=\"https:\/\/i0.wp.com\/villette-mtc.com\/wp-content\/uploads\/2018\/07\/20170418-Anai%CC%88s-Villette-6.jpg?resize=200%2C300&#038;ssl=1\" alt=\"Moxa sur aiguille\" width=\"200\" height=\"300\" srcset=\"https:\/\/i0.wp.com\/villette-mtc.com\/wp-content\/uploads\/2018\/07\/20170418-Anai%CC%88s-Villette-6.jpg?resize=200%2C300&amp;ssl=1 200w, https:\/\/i0.wp.com\/villette-mtc.com\/wp-content\/uploads\/2018\/07\/20170418-Anai%CC%88s-Villette-6.jpg?resize=768%2C1150&amp;ssl=1 768w, https:\/\/i0.wp.com\/villette-mtc.com\/wp-content\/uploads\/2018\/07\/20170418-Anai%CC%88s-Villette-6.jpg?resize=684%2C1024&amp;ssl=1 684w, https:\/\/i0.wp.com\/villette-mtc.com\/wp-content\/uploads\/2018\/07\/20170418-Anai%CC%88s-Villette-6.jpg?w=2000&amp;ssl=1 2000w\" sizes=\"auto, (max-width: 200px) 100vw, 200px\" \/><figcaption id=\"caption-attachment-326\" class=\"wp-caption-text\">Usage d&rsquo;un morceau de <a href=\"https:\/\/villette-mtc.com\/index.php\/les-outils-de-la-medecine-chinoise\/san-fu-tie\/\">moxa<\/a> sur une aiguille<\/figcaption><\/figure>\n<h6><span style=\"text-decoration: underline;\"><strong>Auriculoth\u00e9rapie<\/strong><\/span><\/h6>\n<p>C\u2019est gr\u00e2ce au Fran\u00e7ais Dr Nogier, que l\u2019auriculoth\u00e9rapie s\u2019est d\u00e9mocratis\u00e9e.<br \/>Sur l\u2019oreille, est d\u00e9finie une cartographie du corps entier, ainsi, des points bien pr\u00e9cis sont reli\u00e9s aux organes, \u00e0 l\u2019esprit, au neuro v\u00e9g\u00e9tatif..<br \/>Elle consiste \u00e0 placer de tr\u00e8s fines aiguilles sur ces zones, ou des graines sur adh\u00e9sif.<br \/>Cela permet d\u2019accentuer l\u2019effet voulu ou de chasser des mauvaises id\u00e9es comme l\u2019envie de grignoter, l\u2019envie de fumer..<\/p>\n<p>Il est possible de placer des aiguilles semi permanentes qui peuvent tenir 15 jours, sur les zones bien cibl\u00e9es. Ce ne sont pas des agrafes.<\/p>\n<p>Elle est utilis\u00e9e en <span style=\"color: #ff0000;\"><strong>compl\u00e9ment<\/strong><\/span> \u00e0 la s\u00e9ance d\u2019acupuncture, et en fonction des besoins.<\/p>\n<hr \/>\n<p>Le cabinet se situe \u00e0 Phalempin : 20 min de LILLE, 20 min de LENS, 30 min de DOUAI.<\/p>\n<p><span style=\"border-radius: 2px; text-indent: 20px; width: auto; padding: 0px 4px 0px 0px; text-align: center; font: bold 11px\/20px 'Helvetica Neue',Helvetica,sans-serif; color: #ffffff; background: #bd081c no-repeat scroll 3px 50% \/ 14px 14px; position: absolute; opacity: 1; z-index: 8675309; display: none; cursor: pointer; top: 1925px; left: 198px;\">Le cabinet se situe \u00e0 Phalempin : 20 min de LILLE, 20 min de LENS, 30 min de DOUAI.Le cabinet se situe \u00e0 Phalempin : 20 min de LILLE, 20 min de LENS, 30 min de DOUAI.Enregistrer<\/span><\/p>\n\n","protected":false},"excerpt":{"rendered":"<p>Acupuncture Cette pratique existe depuis plus de 3000 ans en Asie.A l\u2019origine, un chasseur s\u2019\u00e9tait pris une fl\u00e8che dans le pied, et a vu sa sant\u00e9 s\u2019am\u00e9liorer les jours suivants. Au fil du temps, les essais se sont confirm\u00e9s, et les fl\u00e8ches transform\u00e9es en aiguilles (ouf !)La d\u00e9couverte des points et des m\u00e9ridiens ont vu&#8230;<\/p>\n","protected":false},"author":2,"featured_media":132,"parent":0,"menu_order":0,"comment_status":"closed","ping_status":"closed","template":"","meta":{"jetpack_post_was_ever_published":false,"footnotes":""},"class_list":["post-87","page","type-page","status-publish","has-post-thumbnail","hentry"],"jetpack_sharing_enabled":true,"jetpack_shortlink":"https:\/\/wp.me\/P8NyOD-1p","_links":{"self":[{"href":"https:\/\/villette-mtc.com\/index.php\/wp-json\/wp\/v2\/pages\/87","targetHints":{"allow":["GET"]}}],"collection":[{"href":"https:\/\/villette-mtc.com\/index.php\/wp-json\/wp\/v2\/pages"}],"about":[{"href":"https:\/\/villette-mtc.com\/index.php\/wp-json\/wp\/v2\/types\/page"}],"author":[{"embeddable":true,"href":"https:\/\/villette-mtc.com\/index.php\/wp-json\/wp\/v2\/users\/2"}],"replies":[{"embeddable":true,"href":"https:\/\/villette-mtc.com\/index.php\/wp-json\/wp\/v2\/comments?post=87"}],"version-history":[{"count":30,"href":"https:\/\/villette-mtc.com\/index.php\/wp-json\/wp\/v2\/pages\/87\/revisions"}],"predecessor-version":[{"id":980,"href":"https:\/\/villette-mtc.com\/index.php\/wp-json\/wp\/v2\/pages\/87\/revisions\/980"}],"wp:featuredmedia":[{"embeddable":true,"href":"https:\/\/villette-mtc.com\/index.php\/wp-json\/wp\/v2\/media\/132"}],"wp:attachment":[{"href":"https:\/\/villette-mtc.com\/index.php\/wp-json\/wp\/v2\/media?parent=87"}],"curies":[{"name":"wp","href":"https:\/\/api.w.org\/{rel}","templated":true}]}}