{"id":91,"date":"2017-06-01T16:19:14","date_gmt":"2017-06-01T14:19:14","guid":{"rendered":"http:\/\/villette-mtc.com\/?page_id=91"},"modified":"2024-08-03T14:00:07","modified_gmt":"2024-08-03T12:00:07","slug":"dietetique","status":"publish","type":"page","link":"https:\/\/villette-mtc.com\/index.php\/dietetique\/","title":{"rendered":"Di\u00e9t\u00e9tique"},"content":{"rendered":"<div class=\"wp-block-image\">\n<figure class=\"aligncenter size-large\"><img data-recalc-dims=\"1\" loading=\"lazy\" decoding=\"async\" width=\"1024\" height=\"678\" src=\"https:\/\/i0.wp.com\/villette-mtc.com\/wp-content\/uploads\/2021\/05\/pexels-photo-1393382.jpg?resize=1024%2C678&#038;ssl=1\" alt=\"\" class=\"wp-image-604\" srcset=\"https:\/\/i0.wp.com\/villette-mtc.com\/wp-content\/uploads\/2021\/05\/pexels-photo-1393382.jpg?resize=1024%2C678&amp;ssl=1 1024w, https:\/\/i0.wp.com\/villette-mtc.com\/wp-content\/uploads\/2021\/05\/pexels-photo-1393382.jpg?resize=300%2C199&amp;ssl=1 300w, https:\/\/i0.wp.com\/villette-mtc.com\/wp-content\/uploads\/2021\/05\/pexels-photo-1393382.jpg?resize=768%2C509&amp;ssl=1 768w, https:\/\/i0.wp.com\/villette-mtc.com\/wp-content\/uploads\/2021\/05\/pexels-photo-1393382.jpg?resize=1536%2C1017&amp;ssl=1 1536w, https:\/\/i0.wp.com\/villette-mtc.com\/wp-content\/uploads\/2021\/05\/pexels-photo-1393382.jpg?w=1880&amp;ssl=1 1880w\" sizes=\"auto, (max-width: 1000px) 100vw, 1000px\" \/><figcaption class=\"wp-element-caption\">Photo de\u00a0<strong><a href=\"https:\/\/www.pexels.com\/fr-fr\/@viktor-smith-593827?utm_content=attributionCopyText&amp;utm_medium=referral&amp;utm_source=pexels\">Viktor Smith<\/a><\/strong>\u00a0provenant de\u00a0<strong><a href=\"https:\/\/www.pexels.com\/fr-fr\/photo\/haricots-de-couleurs-assorties-dans-un-sac-1393382\/?utm_content=attributionCopyText&amp;utm_medium=referral&amp;utm_source=pexels\">Pexels<\/a><\/strong><br>Legumineuses sur un march\u00e9<\/figcaption><\/figure>\n<\/div>\n\n\n<h6 class=\"wp-block-heading has-text-align-center\"><\/h6>\n\n\n<p>La Di\u00e9t\u00e9tique Chinoise n\u2019a pas la m\u00eame approche que la Di\u00e9t\u00e9tique occidentale.<\/p>\n<p>Il n\u2019est pas question de calories ici, mais d\u2019association de couleurs, de saveurs, de nature <em>(froide,chaude)<\/em><br \/>Hippocrate aurait dit : <strong>que ton aliment soit ton seul m\u00e9dicament.<\/strong><\/p>\n<p>H\u00e9 oui, on l\u2019oublie, mais la premi\u00e8re fa\u00e7on de travailler sur sa sant\u00e9, c\u2019est ce qu\u2019on ing\u00e8re !<br \/>Parfois, un aliment <em>\u00ab\u00a0toxique\u00a0\u00bb<\/em> pour une personne, pris sur du long terme, va provoquer un d\u00e9s\u00e9quilibre \u00e9nerg\u00e9tique.<br \/>Il est alors int\u00e9ressant de v\u00e9rifier l\u2019alimentation pour l\u2019adapter \u00e0 chacun.<\/p>","protected":false},"excerpt":{"rendered":"<p>La Di\u00e9t\u00e9tique Chinoise n\u2019a pas la m\u00eame approche que la Di\u00e9t\u00e9tique occidentale. Il n\u2019est pas question de calories ici, mais d\u2019association de couleurs, de saveurs, de nature (froide,chaude)Hippocrate aurait dit : que ton aliment soit ton seul m\u00e9dicament. H\u00e9 oui, on l\u2019oublie, mais la premi\u00e8re fa\u00e7on de travailler sur sa sant\u00e9, c\u2019est ce qu\u2019on ing\u00e8re&#8230;<\/p>\n","protected":false},"author":2,"featured_media":0,"parent":0,"menu_order":0,"comment_status":"closed","ping_status":"closed","template":"","meta":{"jetpack_post_was_ever_published":false,"footnotes":""},"class_list":["post-91","page","type-page","status-publish","hentry"],"jetpack_sharing_enabled":true,"jetpack_shortlink":"https:\/\/wp.me\/P8NyOD-1t","_links":{"self":[{"href":"https:\/\/villette-mtc.com\/index.php\/wp-json\/wp\/v2\/pages\/91","targetHints":{"allow":["GET"]}}],"collection":[{"href":"https:\/\/villette-mtc.com\/index.php\/wp-json\/wp\/v2\/pages"}],"about":[{"href":"https:\/\/villette-mtc.com\/index.php\/wp-json\/wp\/v2\/types\/page"}],"author":[{"embeddable":true,"href":"https:\/\/villette-mtc.com\/index.php\/wp-json\/wp\/v2\/users\/2"}],"replies":[{"embeddable":true,"href":"https:\/\/villette-mtc.com\/index.php\/wp-json\/wp\/v2\/comments?post=91"}],"version-history":[{"count":10,"href":"https:\/\/villette-mtc.com\/index.php\/wp-json\/wp\/v2\/pages\/91\/revisions"}],"predecessor-version":[{"id":1030,"href":"https:\/\/villette-mtc.com\/index.php\/wp-json\/wp\/v2\/pages\/91\/revisions\/1030"}],"wp:attachment":[{"href":"https:\/\/villette-mtc.com\/index.php\/wp-json\/wp\/v2\/media?parent=91"}],"curies":[{"name":"wp","href":"https:\/\/api.w.org\/{rel}","templated":true}]}}